{"id":112520,"date":"2022-04-12T21:47:23","date_gmt":"2022-04-12T21:47:23","guid":{"rendered":"https:\/\/gskstarlighdev.wpenginepowered.com\/ofte-stillede-sporgsmal\/"},"modified":"2026-02-26T16:58:37","modified_gmt":"2026-02-26T16:58:37","slug":"ofte-stillede-sporgsmal","status":"publish","type":"page","link":"https:\/\/starlightgsk.com\/da-zz\/ofte-stillede-sporgsmal\/","title":{"rendered":"Ofte stillede sp\u00f8rgsm\u00e5l"},"content":{"rendered":"<div class=\"wpb-content-wrapper\"><p>[vc_row row_height_percent=&#8221;90&#8243; override_padding=&#8221;yes&#8221; h_padding=&#8221;2&#8243; top_padding=&#8221;5&#8243; bottom_padding=&#8221;5&#8243; back_image=&#8221;111180&#8243; back_position=&#8221;center top&#8221; overlay_alpha=&#8221;50&#8243; gutter_size=&#8221;4&#8243; column_width_percent=&#8221;100&#8243; shift_y=&#8221;0&#8243; z_index=&#8221;0&#8243; top_divider=&#8221;gradient&#8221; bottom_divider=&#8221;step_3_4&#8243; uncode_shortcode_id=&#8221;411491&#8243;][vc_column column_width_percent=&#8221;100&#8243; position_vertical=&#8221;middle&#8221; gutter_size=&#8221;6&#8243; style=&#8221;dark&#8221; overlay_alpha=&#8221;50&#8243; shift_x=&#8221;0&#8243; shift_y=&#8221;0&#8243; shift_y_down=&#8221;0&#8243; z_index=&#8221;0&#8243; medium_width=&#8221;0&#8243; mobile_width=&#8221;0&#8243; width=&#8221;1\/1&#8243; uncode_shortcode_id=&#8221;744311&#8243;][vc_row_inner row_inner_height_percent=&#8221;0&#8243; overlay_alpha=&#8221;50&#8243; gutter_size=&#8221;4&#8243; shift_y=&#8221;0&#8243; z_index=&#8221;0&#8243; inverted_device_order=&#8221;yes&#8221; limit_content=&#8221;&#8221;][vc_column_inner column_width_percent=&#8221;100&#8243; position_vertical=&#8221;middle&#8221; gutter_size=&#8221;2&#8243; style=&#8221;dark&#8221; overlay_alpha=&#8221;50&#8243; shift_x=&#8221;0&#8243; shift_y=&#8221;0&#8243; shift_y_down=&#8221;0&#8243; z_index=&#8221;0&#8243; medium_width=&#8221;4&#8243; align_mobile=&#8221;align_center_mobile&#8221; mobile_width=&#8221;0&#8243; width=&#8221;7\/12&#8243; uncode_shortcode_id=&#8221;128842&#8243;][vc_custom_heading heading_semantic=&#8221;h1&#8243; text_size=&#8221;fontsize-338686&#8243; text_space=&#8221;fontspace-781688&#8243; uncode_shortcode_id=&#8221;173504&#8243;]Ofte stillede sp\u00f8rgsm\u00e5l[\/vc_custom_heading][vc_custom_heading heading_semantic=&#8221;h3&#8243; text_size=&#8221;h3&#8243; text_weight=&#8221;400&#8243; text_height=&#8221;fontheight-357766&#8243; uncode_shortcode_id=&#8221;918718&#8243;]<span style=\"font-weight: 400;\">F\u00e5 mere at vide om STARLIGHT-fors\u00f8get<\/span>[\/vc_custom_heading][vc_empty_space empty_h=&#8221;1&#8243;][vc_empty_space empty_h=&#8221;1&#8243;][\/vc_column_inner][vc_column_inner column_width_percent=&#8221;100&#8243; position_vertical=&#8221;middle&#8221; gutter_size=&#8221;3&#8243; style=&#8221;dark&#8221; back_image=&#8221;99798&#8243; back_position=&#8221;right top&#8221; overlay_alpha=&#8221;50&#8243; shift_x=&#8221;0&#8243; shift_y=&#8221;0&#8243; shift_y_down=&#8221;0&#8243; z_index=&#8221;0&#8243; medium_width=&#8221;4&#8243; mobile_width=&#8221;0&#8243; width=&#8221;5\/12&#8243; uncode_shortcode_id=&#8221;195800&#8243; back_size=&#8221;80%&#8221;][vc_single_image media=&#8221;111808&#8243; media_width_percent=&#8221;100&#8243; alignment=&#8221;center&#8221; shadow=&#8221;yes&#8221; shadow_weight=&#8221;sm&#8221; uncode_shortcode_id=&#8221;205966&#8243;][\/vc_column_inner][\/vc_row_inner][\/vc_column][\/vc_row][vc_row unlock_row=&#8221;&#8221; row_height_percent=&#8221;0&#8243; override_padding=&#8221;yes&#8221; h_padding=&#8221;2&#8243; top_padding=&#8221;4&#8243; bottom_padding=&#8221;3&#8243; overlay_alpha=&#8221;100&#8243; gutter_size=&#8221;100&#8243; column_width_percent=&#8221;100&#8243; shift_y=&#8221;0&#8243; z_index=&#8221;0&#8243; style=&#8221;inherited&#8221; uncode_shortcode_id=&#8221;113823&#8243; row_name=&#8221;questions&#8221;][vc_column column_width_use_pixel=&#8221;yes&#8221; gutter_size=&#8221;3&#8243; overlay_alpha=&#8221;50&#8243; shift_x=&#8221;0&#8243; shift_y=&#8221;0&#8243; shift_y_down=&#8221;0&#8243; z_index=&#8221;0&#8243; medium_width=&#8221;0&#8243; mobile_width=&#8221;0&#8243; zoom_width=&#8221;0&#8243; zoom_height=&#8221;0&#8243; width=&#8221;1\/1&#8243; uncode_shortcode_id=&#8221;206055&#8243; column_width_pixel=&#8221;1100&#8243;][vc_custom_heading text_space=&#8221;fontspace-781688&#8243; separator=&#8221;yes&#8221; separator_color=&#8221;yes&#8221; uncode_shortcode_id=&#8221;103373&#8243;]Generelle sp\u00f8rgsm\u00e5l om fors\u00f8get[\/vc_custom_heading][vc_custom_heading heading_semantic=&#8221;p&#8221; text_size=&#8221;h4&#8243; uncode_shortcode_id=&#8221;710894&#8243; subheading=&#8221;Du vil skulle v\u00e6re med i fors\u00f8get i ca. 16,5 m\u00e5neder.&#8221;]<strong>Hvor l\u00e6nge skal jeg deltage i fors\u00f8get?<\/strong>[\/vc_custom_heading][vc_custom_heading heading_semantic=&#8221;p&#8221; text_size=&#8221;h4&#8243; uncode_shortcode_id=&#8221;210840&#8243; subheading=&#8221;I l\u00f8bet af fors\u00f8get vil du skulle afl\u00e6gge op til 22 bes\u00f8g. Under disse bes\u00f8g vil du f\u00e5 foretaget forskellige tests og procedurer.&#8221;]<strong>Hvor mange gange skal jeg m\u00f8de op p\u00e5 bes\u00f8gsstedet?<\/strong>[\/vc_custom_heading][vc_custom_heading heading_semantic=&#8221;p&#8221; text_size=&#8221;h4&#8243; uncode_shortcode_id=&#8221;111943&#8243; subheading=&#8221;Det er vigtigt at deltage i alle planlagte bes\u00f8g for at f\u00e5 kontrolleret dit helbred og se, hvordan fors\u00f8gsbehandlingen p\u00e5virker dig.&#8221;]<strong>Skal jeg afl\u00e6gge samtlige bes\u00f8g i forbindelse med fors\u00f8get?<\/strong>[\/vc_custom_heading][vc_custom_heading heading_semantic=&#8221;p&#8221; text_size=&#8221;h4&#8243; uncode_shortcode_id=&#8221;202878&#8243; subheading=&#8221;Du kan muligvis, men ikke n\u00f8dvendigvis, have direkte gavn af at deltage i det kliniske fors\u00f8g. Din helbredstilstand vil regelm\u00e6ssigt blive overv\u00e5get af l\u00e6ger med ekspertise i leversygdomme under fors\u00f8get. Alle informationer, der indsamles under fors\u00f8get, kan hj\u00e6lpe l\u00e6gerne med at f\u00e5 mere viden om, hvordan man kan behandle andre med lignende alkoholrelaterede helbredsproblemer i fremtiden.&#8221;]<strong>Hvilke fordele er der ved at deltage i det kliniske fors\u00f8g?<\/strong>[\/vc_custom_heading][vc_custom_heading heading_semantic=&#8221;p&#8221; text_size=&#8221;h4&#8243; uncode_shortcode_id=&#8221;134616&#8243; subheading=&#8221;Du f\u00e5r ingen udgifter ved at deltage i fors\u00f8get. Fors\u00f8gspr\u00e6paratet og alle tests, der laves i forbindelse med fors\u00f8get samt de forskellige procedurer, er uden omkostninger for dig.&#8221;]<strong>Koster det noget at deltage i fors\u00f8get?<\/strong>[\/vc_custom_heading][vc_custom_heading heading_semantic=&#8221;p&#8221; text_size=&#8221;h4&#8243; uncode_shortcode_id=&#8221;953827&#8243; subheading=&#8221;Den verdensomsp\u00e6ndende medicinalkoncern GlaxoSmithKline sponsorerer fors\u00f8get. De betaler de ansatte p\u00e5 fors\u00f8gsstedet for at h\u00e5ndtere fors\u00f8get.&#8221;]<strong>Hvem sponsorerer fors\u00f8get?<\/strong>[\/vc_custom_heading][vc_custom_heading heading_semantic=&#8221;p&#8221; text_size=&#8221;h4&#8243; uncode_shortcode_id=&#8221;874584&#8243; subheading=&#8221;Det er frivilligt at deltage i fors\u00f8get. Hvis du v\u00e6lger at deltage, men senere skifter mening, har du mulighed for at forlade fors\u00f8get, uanset hvorn\u00e5r det sker. Hvis du forlader fors\u00f8get, vil det ikke have nogen indflydelse p\u00e5 den behandling, du ellers f\u00e5r i sundhedssystemet.&#8221;]<strong>Hvad nu, hvis jeg v\u00e6lger at deltage i fors\u00f8get, men senere \u00e6ndrer mening?<\/strong>[\/vc_custom_heading][\/vc_column][\/vc_row][vc_row row_height_percent=&#8221;0&#8243; overlay_alpha=&#8221;100&#8243; gutter_size=&#8221;100&#8243; column_width_percent=&#8221;100&#8243; shift_y=&#8221;0&#8243; z_index=&#8221;0&#8243; style=&#8221;inherited&#8221; uncode_shortcode_id=&#8221;347789&#8243; row_name=&#8221;questions&#8221;][vc_column column_width_use_pixel=&#8221;yes&#8221; gutter_size=&#8221;3&#8243; overlay_alpha=&#8221;50&#8243; shift_x=&#8221;0&#8243; shift_y=&#8221;0&#8243; shift_y_down=&#8221;0&#8243; z_index=&#8221;0&#8243; medium_width=&#8221;0&#8243; mobile_width=&#8221;0&#8243; zoom_width=&#8221;0&#8243; zoom_height=&#8221;0&#8243; width=&#8221;1\/1&#8243; uncode_shortcode_id=&#8221;146690&#8243; column_width_pixel=&#8221;1100&#8243;][vc_custom_heading text_space=&#8221;fontspace-781688&#8243; separator=&#8221;yes&#8221; separator_color=&#8221;yes&#8221; uncode_shortcode_id=&#8221;194246&#8243;]Sp\u00f8rgsm\u00e5l til fors\u00f8gsbehandlingen[\/vc_custom_heading][vc_custom_heading heading_semantic=&#8221;p&#8221; text_size=&#8221;h4&#8243; uncode_shortcode_id=&#8221;884036&#8243; subheading=&#8221;Hvis du udv\u00e6lges til at deltage i fors\u00f8get, vil du tilf\u00e6ldigt blive placeret i en gruppe &#8211; enten den, der modtager fors\u00f8gspr\u00e6paratet, eller i den, der modtager placeboproduktet. Placeboproduktet ligner fors\u00f8gspr\u00e6paratet, men indeholder ingen aktive l\u00e6gemidler.&#8221;]<strong>Hvilken fors\u00f8gsbehandling vil jeg f\u00e5?<\/strong>[\/vc_custom_heading][vc_custom_heading heading_semantic=&#8221;p&#8221; text_size=&#8221;h4&#8243; uncode_shortcode_id=&#8221;196651&#8243; subheading=&#8221;Et computersystem bruges til tilf\u00e6ldigt at tildele fors\u00f8gsbehandlingsgrupper til de forskellige deltagere. Dette kaldes randomisering.&#8221;]<strong>Hvordan udv\u00e6lges, hvem der tildeles hvilken fors\u00f8gsbehandlingsgruppe?<\/strong>[\/vc_custom_heading][vc_custom_heading heading_semantic=&#8221;p&#8221; text_size=&#8221;h4&#8243; uncode_shortcode_id=&#8221;109289&#8243; subheading=&#8221;Hverken du eller fors\u00f8gsteamet vil blive informeret om, hvilken fors\u00f8gsbehandling du f\u00e5r. Det er med til at holde fors\u00f8get retf\u00e6rdigt og uden v\u00e6gtning.&#8221;]<strong>Vil jeg blive informeret om, hvilken fors\u00f8gsbehandling, jeg f\u00e5r?<\/strong>[\/vc_custom_heading][vc_custom_heading heading_semantic=&#8221;p&#8221; text_size=&#8221;h4&#8243; uncode_shortcode_id=&#8221;563127&#8243; subheading=&#8221;Fors\u00f8gspr\u00e6paratet fungerer ved at mindske omfanget af et s\u00e6rligt protein, som dannes i leveren og formodes at v\u00e6re medvirkende til, at man udvikler ALD, og sygdommen forv\u00e6rres. Ved at mindske m\u00e6ngden af dette protein kan fors\u00f8gspr\u00e6paratet muligvis reducere den giftige p\u00e5virkning, alkohol har p\u00e5 leveren.&#8221;]<strong>Hvordan fungerer fors\u00f8gspr\u00e6paratet?<\/strong>[\/vc_custom_heading][vc_custom_heading heading_semantic=&#8221;p&#8221; text_size=&#8221;h4&#8243; uncode_shortcode_id=&#8221;184126&#8243; subheading=&#8221;Som med al medicin er der en risiko for bivirkninger, som er en u\u00f8nsket eller ikke-planlagt effekt af et l\u00e6gemiddel. Tal med din fors\u00f8gsl\u00e6ge for mere information om mulige bivirkninger. Dit helbred vil blive n\u00f8je overv\u00e5get under hele fors\u00f8get. Fort\u00e6l det til fors\u00f8gsl\u00e6gen, hvis du bem\u00e6rker nogen bivirkninger eller \u00e6ndringer i dit helbred.&#8221;]<strong>Er der nogen bivirkninger ved fors\u00f8gspr\u00e6paratet?<\/strong>[\/vc_custom_heading][vc_custom_heading heading_semantic=&#8221;p&#8221; text_size=&#8221;h4&#8243; uncode_shortcode_id=&#8221;115526&#8243; subheading=&#8221;Det anbefales, at folk med leversygdomme stopper med at indtage alkohol. Men det er m\u00e5ske ikke altid muligt. Du kan stadig deltage i fors\u00f8get, selvom du ikke er holdt op med at drikke.&#8221;]<strong>Vil jeg forts\u00e6tte med at f\u00e5 fors\u00f8gsbehandling, hvis jeg drikker alkohol, mens jeg deltager i fors\u00f8get?<\/strong>[\/vc_custom_heading][\/vc_column][\/vc_row]<\/p>\n<\/div>","protected":false},"excerpt":{"rendered":"<p>[vc_row row_height_percent=&#8221;90&#8243; override_padding=&#8221;yes&#8221; h_padding=&#8221;2&#8243; top_padding=&#8221;5&#8243; bottom_padding=&#8221;5&#8243; back_image=&#8221;111180&#8243; back_position=&#8221;center top&#8221; overlay_alpha=&#8221;50&#8243; gutter_size=&#8221;4&#8243; column_width_percent=&#8221;100&#8243; shift_y=&#8221;0&#8243; z_index=&#8221;0&#8243; top_divider=&#8221;gradient&#8221; bottom_divider=&#8221;step_3_4&#8243; uncode_shortcode_id=&#8221;411491&#8243;][vc_column column_width_percent=&#8221;100&#8243; position_vertical=&#8221;middle&#8221; gutter_size=&#8221;6&#8243; [&hellip;]<\/p>\n","protected":false},"author":5,"featured_media":0,"parent":0,"menu_order":0,"comment_status":"closed","ping_status":"closed","template":"","meta":{"footnotes":""},"class_list":["post-112520","page","type-page","status-publish","hentry"],"aioseo_notices":[],"_links":{"self":[{"href":"https:\/\/starlightgsk.com\/da-zz\/wp-json\/wp\/v2\/pages\/112520","targetHints":{"allow":["GET"]}}],"collection":[{"href":"https:\/\/starlightgsk.com\/da-zz\/wp-json\/wp\/v2\/pages"}],"about":[{"href":"https:\/\/starlightgsk.com\/da-zz\/wp-json\/wp\/v2\/types\/page"}],"author":[{"embeddable":true,"href":"https:\/\/starlightgsk.com\/da-zz\/wp-json\/wp\/v2\/users\/5"}],"replies":[{"embeddable":true,"href":"https:\/\/starlightgsk.com\/da-zz\/wp-json\/wp\/v2\/comments?post=112520"}],"version-history":[{"count":0,"href":"https:\/\/starlightgsk.com\/da-zz\/wp-json\/wp\/v2\/pages\/112520\/revisions"}],"wp:attachment":[{"href":"https:\/\/starlightgsk.com\/da-zz\/wp-json\/wp\/v2\/media?parent=112520"}],"curies":[{"name":"wp","href":"https:\/\/api.w.org\/{rel}","templated":true}]}}