{"id":112531,"date":"2022-04-12T21:47:23","date_gmt":"2022-04-12T21:47:23","guid":{"rendered":"https:\/\/gskstarlighdev.wpenginepowered.com\/haeufig-gestellte-fragen\/"},"modified":"2026-02-26T16:59:08","modified_gmt":"2026-02-26T16:59:08","slug":"haeufig-gestellte-fragen","status":"publish","type":"page","link":"https:\/\/starlightgsk.com\/de-zz\/haeufig-gestellte-fragen\/","title":{"rendered":"H\u00e4ufig gestellte Fragen"},"content":{"rendered":"<div class=\"wpb-content-wrapper\"><p>[vc_row row_height_percent=&#8221;90&#8243; override_padding=&#8221;yes&#8221; h_padding=&#8221;2&#8243; top_padding=&#8221;5&#8243; bottom_padding=&#8221;5&#8243; back_image=&#8221;111180&#8243; back_position=&#8221;center top&#8221; overlay_alpha=&#8221;50&#8243; gutter_size=&#8221;4&#8243; column_width_percent=&#8221;100&#8243; shift_y=&#8221;0&#8243; z_index=&#8221;0&#8243; top_divider=&#8221;gradient&#8221; bottom_divider=&#8221;step_3_4&#8243; uncode_shortcode_id=&#8221;411491&#8243;][vc_column column_width_percent=&#8221;100&#8243; position_vertical=&#8221;middle&#8221; gutter_size=&#8221;6&#8243; style=&#8221;dark&#8221; overlay_alpha=&#8221;50&#8243; shift_x=&#8221;0&#8243; shift_y=&#8221;0&#8243; shift_y_down=&#8221;0&#8243; z_index=&#8221;0&#8243; medium_width=&#8221;0&#8243; mobile_width=&#8221;0&#8243; width=&#8221;1\/1&#8243; uncode_shortcode_id=&#8221;744311&#8243;][vc_row_inner row_inner_height_percent=&#8221;0&#8243; overlay_alpha=&#8221;50&#8243; gutter_size=&#8221;4&#8243; shift_y=&#8221;0&#8243; z_index=&#8221;0&#8243; inverted_device_order=&#8221;yes&#8221; limit_content=&#8221;&#8221;][vc_column_inner column_width_percent=&#8221;100&#8243; position_vertical=&#8221;middle&#8221; gutter_size=&#8221;2&#8243; style=&#8221;dark&#8221; overlay_alpha=&#8221;50&#8243; shift_x=&#8221;0&#8243; shift_y=&#8221;0&#8243; shift_y_down=&#8221;0&#8243; z_index=&#8221;0&#8243; medium_width=&#8221;4&#8243; align_mobile=&#8221;align_center_mobile&#8221; mobile_width=&#8221;0&#8243; width=&#8221;7\/12&#8243; uncode_shortcode_id=&#8221;128842&#8243;][vc_custom_heading heading_semantic=&#8221;h1&#8243; text_size=&#8221;fontsize-338686&#8243; text_space=&#8221;fontspace-781688&#8243; uncode_shortcode_id=&#8221;173504&#8243;]H\u00e4ufig gestellte Fragen[\/vc_custom_heading][vc_custom_heading heading_semantic=&#8221;h3&#8243; text_size=&#8221;h3&#8243; text_weight=&#8221;400&#8243; text_height=&#8221;fontheight-357766&#8243; uncode_shortcode_id=&#8221;918718&#8243;]<span style=\"font-weight: 400;\">Erfahren Sie mehr \u00fcber die STARLIGHT-Studie<\/span>[\/vc_custom_heading][vc_empty_space empty_h=&#8221;1&#8243;][vc_empty_space empty_h=&#8221;1&#8243;][\/vc_column_inner][vc_column_inner column_width_percent=&#8221;100&#8243; position_vertical=&#8221;middle&#8221; gutter_size=&#8221;3&#8243; style=&#8221;dark&#8221; back_image=&#8221;99798&#8243; back_position=&#8221;right top&#8221; overlay_alpha=&#8221;50&#8243; shift_x=&#8221;0&#8243; shift_y=&#8221;0&#8243; shift_y_down=&#8221;0&#8243; z_index=&#8221;0&#8243; medium_width=&#8221;4&#8243; mobile_width=&#8221;0&#8243; width=&#8221;5\/12&#8243; uncode_shortcode_id=&#8221;195800&#8243; back_size=&#8221;80%&#8221;][vc_single_image media=&#8221;111808&#8243; media_width_percent=&#8221;100&#8243; alignment=&#8221;center&#8221; shadow=&#8221;yes&#8221; shadow_weight=&#8221;sm&#8221; uncode_shortcode_id=&#8221;205966&#8243;][\/vc_column_inner][\/vc_row_inner][\/vc_column][\/vc_row][vc_row unlock_row=&#8221;&#8221; row_height_percent=&#8221;0&#8243; override_padding=&#8221;yes&#8221; h_padding=&#8221;2&#8243; top_padding=&#8221;4&#8243; bottom_padding=&#8221;3&#8243; overlay_alpha=&#8221;100&#8243; gutter_size=&#8221;100&#8243; column_width_percent=&#8221;100&#8243; shift_y=&#8221;0&#8243; z_index=&#8221;0&#8243; style=&#8221;inherited&#8221; uncode_shortcode_id=&#8221;113823&#8243; row_name=&#8221;questions&#8221;][vc_column column_width_use_pixel=&#8221;yes&#8221; gutter_size=&#8221;3&#8243; overlay_alpha=&#8221;50&#8243; shift_x=&#8221;0&#8243; shift_y=&#8221;0&#8243; shift_y_down=&#8221;0&#8243; z_index=&#8221;0&#8243; medium_width=&#8221;0&#8243; mobile_width=&#8221;0&#8243; zoom_width=&#8221;0&#8243; zoom_height=&#8221;0&#8243; width=&#8221;1\/1&#8243; uncode_shortcode_id=&#8221;206055&#8243; column_width_pixel=&#8221;1100&#8243;][vc_custom_heading text_space=&#8221;fontspace-781688&#8243; separator=&#8221;yes&#8221; separator_color=&#8221;yes&#8221; uncode_shortcode_id=&#8221;103373&#8243;]Allgemeine Fragen zur Studie[\/vc_custom_heading][vc_custom_heading heading_semantic=&#8221;p&#8221; text_size=&#8221;h4&#8243; uncode_shortcode_id=&#8221;710894&#8243; subheading=&#8221;Die Teilnahme an der Studie dauert ungef\u00e4hr 16,5 Monate.&#8221;]<strong>Wie lange werde ich an der Studie teilnehmen?<\/strong>[\/vc_custom_heading][vc_custom_heading heading_semantic=&#8221;p&#8221; text_size=&#8221;h4&#8243; uncode_shortcode_id=&#8221;210840&#8243; subheading=&#8221;W\u00e4hrend der Studie werden Sie bis zu 22 Studienbesuche absolvieren. Bei den Studienbesuchen werden Sie sich Tests und Untersuchungen unterziehen.&#8221;]<strong>Wie oft muss ich ins Pr\u00fcfzentrum kommen?<\/strong>[\/vc_custom_heading][vc_custom_heading heading_semantic=&#8221;p&#8221; text_size=&#8221;h4&#8243; uncode_shortcode_id=&#8221;111943&#8243; subheading=&#8221;Es ist wichtig, dass Sie alle planm\u00e4\u00dfigen Besuche wahrnehmen, damit Ihr Gesundheitszustand \u00fcberpr\u00fcft und festgestellt werden kann, wie sich die Studienbehandlung auf Sie auswirkt.&#8221;]<strong>Muss ich alle Studienbesuche wahrnehmen?<\/strong>[\/vc_custom_heading][vc_custom_heading heading_semantic=&#8221;p&#8221; text_size=&#8221;h4&#8243; uncode_shortcode_id=&#8221;202878&#8243; subheading=&#8221;Es ist m\u00f6glich, dass Sie direkt von der Teilnahme an der klinischen Studie profitieren oder auch nicht. Ihre Gesundheit wird jedoch w\u00e4hrend der gesamten Studie regelm\u00e4\u00dfig von \u00c4rzten mit Fachkenntnissen im Bereich Lebererkrankungen \u00fcberwacht. Alle w\u00e4hrend der Studie gesammelten Informationen k\u00f6nnen \u00c4rzten dabei helfen, in Zukunft mehr \u00fcber die Behandlung von Menschen mit \u00e4hnlichen alkoholbedingten Gesundheitsproblemen zu erfahren.&#8221;]<strong>Welche Vorteile hat die Teilnahme an der klinischen Studie?<\/strong>[\/vc_custom_heading][vc_custom_heading heading_semantic=&#8221;p&#8221; text_size=&#8221;h4&#8243; uncode_shortcode_id=&#8221;134616&#8243; subheading=&#8221;Die Teilnahme an dieser Studie ist kostenlos. Sie erhalten das Pr\u00fcfpr\u00e4parat und alle Studienuntersuchungen und -verfahren kostenlos.&#8221;]<strong>Ist die Teilnahme an der Studie f\u00fcr mich mit Kosten verbunden?<\/strong>[\/vc_custom_heading][vc_custom_heading heading_semantic=&#8221;p&#8221; text_size=&#8221;h4&#8243; uncode_shortcode_id=&#8221;953827&#8243; subheading=&#8221;Das globale Biopharmaunternehmen GlaxoSmithKline sponsert die Studie. Es bezahlt das Personal des Pr\u00fcfzentrums f\u00fcr die Durchf\u00fchrung dieser Studie.&#8221;]<strong>Wer finanziert die Studie?<\/strong>[\/vc_custom_heading][vc_custom_heading heading_semantic=&#8221;p&#8221; text_size=&#8221;h4&#8243; uncode_shortcode_id=&#8221;874584&#8243; subheading=&#8221;Die Teilnahme an der Studie ist freiwillig. Wenn Sie sich f\u00fcr eine Teilnahme entscheiden und es sich dann anders \u00fcberlegen, k\u00f6nnen Sie die Teilnahme an der Studie jederzeit beenden. Das Ausscheiden aus der Studie hat keine Auswirkungen auf Ihre regul\u00e4re medizinische Versorgung.&#8221;]<strong>Was geschieht, wenn ich mich f\u00fcr die Studienteilnahme entscheide und sp\u00e4ter meine Meinung \u00e4ndere?<\/strong>[\/vc_custom_heading][\/vc_column][\/vc_row][vc_row row_height_percent=&#8221;0&#8243; overlay_alpha=&#8221;100&#8243; gutter_size=&#8221;100&#8243; column_width_percent=&#8221;100&#8243; shift_y=&#8221;0&#8243; z_index=&#8221;0&#8243; style=&#8221;inherited&#8221; uncode_shortcode_id=&#8221;347789&#8243; row_name=&#8221;questions&#8221;][vc_column column_width_use_pixel=&#8221;yes&#8221; gutter_size=&#8221;3&#8243; overlay_alpha=&#8221;50&#8243; shift_x=&#8221;0&#8243; shift_y=&#8221;0&#8243; shift_y_down=&#8221;0&#8243; z_index=&#8221;0&#8243; medium_width=&#8221;0&#8243; mobile_width=&#8221;0&#8243; zoom_width=&#8221;0&#8243; zoom_height=&#8221;0&#8243; width=&#8221;1\/1&#8243; uncode_shortcode_id=&#8221;146690&#8243; column_width_pixel=&#8221;1100&#8243;][vc_custom_heading text_space=&#8221;fontspace-781688&#8243; separator=&#8221;yes&#8221; separator_color=&#8221;yes&#8221; uncode_shortcode_id=&#8221;194246&#8243;]Fragen zur Studienbehandlung[\/vc_custom_heading][vc_custom_heading heading_semantic=&#8221;p&#8221; text_size=&#8221;h4&#8243; uncode_shortcode_id=&#8221;884036&#8243; subheading=&#8221;Wenn Sie f\u00fcr die Studie in Frage kommen, werden Sie nach dem Zufallsprinzip dem Erhalt von entweder dem Pr\u00fcfpr\u00e4parat oder Placebo zugewiesen. Das Placebo sieht genauso aus wie das Pr\u00fcfpr\u00e4parat, enth\u00e4lt aber keinen Wirkstoff.&#8221;]<strong>Welche Studienbehandlung werde ich erhalten?<\/strong>[\/vc_custom_heading][vc_custom_heading heading_semantic=&#8221;p&#8221; text_size=&#8221;h4&#8243; uncode_shortcode_id=&#8221;196651&#8243; subheading=&#8221;Die Teilnehmer wer mithilfe eines Computersystems nach dem Zufallsprinzip. Dies wird als Randomisierung bezeichnet.&#8221;]<strong>Wie werden die Behandlungsgruppen der Studie zugewiesen?<\/strong>[\/vc_custom_heading][vc_custom_heading heading_semantic=&#8221;p&#8221; text_size=&#8221;h4&#8243; uncode_shortcode_id=&#8221;109289&#8243; subheading=&#8221;Sie und das Studienteam wissen nicht, welche Studienbehandlung Sie erhalten. Dies tr\u00e4gt dazu bei, dass die Studie fair und objektiv bleibt.&#8221;]<strong>Werde ich erfahren, welche Studienbehandlung ich erhalte?<\/strong>[\/vc_custom_heading][vc_custom_heading heading_semantic=&#8221;p&#8221; text_size=&#8221;h4&#8243; uncode_shortcode_id=&#8221;563127&#8243; subheading=&#8221;Das Pr\u00fcfpr\u00e4parat wirkt, indem es die Menge eines in der Leber gebildeten Proteins senkt, von dem angenommen wird, dass es an der Entwicklung und Verschlimmerung von ALD beteiligt ist. Durch die Senkung der Menge dieses Proteins kann das Pr\u00fcfpr\u00e4parat m\u00f6glicherweise die toxischen Auswirkungen von Alkohol auf die Leber reduzieren.&#8221;]<strong>Wie wirkt das Pr\u00fcfpr\u00e4parat?<\/strong>[\/vc_custom_heading][vc_custom_heading heading_semantic=&#8221;p&#8221; text_size=&#8221;h4&#8243; uncode_shortcode_id=&#8221;184126&#8243; subheading=&#8221;Wie bei allen Arzneimitteln besteht die M\u00f6glichkeit von Nebenwirkungen, d. h. unerw\u00fcnschten oder unbeabsichtigten Wirkungen eines Medikaments. Sprechen Sie mit dem Pr\u00fcfarzt, um weitere Informationen zu m\u00f6glichen Nebenwirkungen zu erhalten. Ihre Gesundheit wird w\u00e4hrend der gesamten Studie engmaschig \u00fcberwacht. Informieren Sie den Pr\u00fcfarzt, wenn Sie Nebenwirkungen oder Ver\u00e4nderungen Ihres Gesundheitszustands bemerken.&#8221;]<strong>Gibt es Nebenwirkungen durch das Pr\u00fcfpr\u00e4parat?<\/strong>[\/vc_custom_heading][vc_custom_heading heading_semantic=&#8221;p&#8221; text_size=&#8221;h4&#8243; uncode_shortcode_id=&#8221;115526&#8243; subheading=&#8221;Menschen mit Lebererkrankungen wird empfohlen, den Alkoholkonsum einzustellen. Dies ist jedoch nicht immer m\u00f6glich. Sie k\u00f6nnen trotzdem an dieser Studie teilnehmen, auch wenn Sie nicht aufgeh\u00f6rt haben zu trinken.&#8221;]<strong>Werde ich die Studienbehandlung auch erhalten, wenn ich w\u00e4hrend der Studie Alkohol trinke?<\/strong>[\/vc_custom_heading][\/vc_column][\/vc_row]<\/p>\n<\/div>","protected":false},"excerpt":{"rendered":"<p>[vc_row row_height_percent=&#8221;90&#8243; override_padding=&#8221;yes&#8221; h_padding=&#8221;2&#8243; top_padding=&#8221;5&#8243; bottom_padding=&#8221;5&#8243; back_image=&#8221;111180&#8243; back_position=&#8221;center top&#8221; overlay_alpha=&#8221;50&#8243; gutter_size=&#8221;4&#8243; column_width_percent=&#8221;100&#8243; shift_y=&#8221;0&#8243; z_index=&#8221;0&#8243; top_divider=&#8221;gradient&#8221; bottom_divider=&#8221;step_3_4&#8243; uncode_shortcode_id=&#8221;411491&#8243;][vc_column column_width_percent=&#8221;100&#8243; position_vertical=&#8221;middle&#8221; gutter_size=&#8221;6&#8243; [&hellip;]<\/p>\n","protected":false},"author":5,"featured_media":0,"parent":0,"menu_order":0,"comment_status":"closed","ping_status":"closed","template":"","meta":{"footnotes":""},"class_list":["post-112531","page","type-page","status-publish","hentry"],"aioseo_notices":[],"_links":{"self":[{"href":"https:\/\/starlightgsk.com\/de-zz\/wp-json\/wp\/v2\/pages\/112531","targetHints":{"allow":["GET"]}}],"collection":[{"href":"https:\/\/starlightgsk.com\/de-zz\/wp-json\/wp\/v2\/pages"}],"about":[{"href":"https:\/\/starlightgsk.com\/de-zz\/wp-json\/wp\/v2\/types\/page"}],"author":[{"embeddable":true,"href":"https:\/\/starlightgsk.com\/de-zz\/wp-json\/wp\/v2\/users\/5"}],"replies":[{"embeddable":true,"href":"https:\/\/starlightgsk.com\/de-zz\/wp-json\/wp\/v2\/comments?post=112531"}],"version-history":[{"count":0,"href":"https:\/\/starlightgsk.com\/de-zz\/wp-json\/wp\/v2\/pages\/112531\/revisions"}],"wp:attachment":[{"href":"https:\/\/starlightgsk.com\/de-zz\/wp-json\/wp\/v2\/media?parent=112531"}],"curies":[{"name":"wp","href":"https:\/\/api.w.org\/{rel}","templated":true}]}}