{"id":112657,"date":"2022-04-12T21:47:23","date_gmt":"2022-04-12T21:47:23","guid":{"rendered":"https:\/\/gskstarlighdev.wpenginepowered.com\/preguntas-frecuentes\/"},"modified":"2026-03-05T12:01:02","modified_gmt":"2026-03-05T12:01:02","slug":"preguntas-frecuentes","status":"publish","type":"page","link":"https:\/\/starlightgsk.com\/es-ar\/preguntas-frecuentes\/","title":{"rendered":"Preguntas frecuentes"},"content":{"rendered":"<div class=\"wpb-content-wrapper\"><p>[vc_row row_height_percent=&#8221;90&#8243; override_padding=&#8221;yes&#8221; h_padding=&#8221;2&#8243; top_padding=&#8221;5&#8243; bottom_padding=&#8221;5&#8243; back_image=&#8221;111180&#8243; back_position=&#8221;center top&#8221; overlay_alpha=&#8221;50&#8243; gutter_size=&#8221;4&#8243; column_width_percent=&#8221;100&#8243; shift_y=&#8221;0&#8243; z_index=&#8221;0&#8243; top_divider=&#8221;gradient&#8221; bottom_divider=&#8221;step_3_4&#8243; uncode_shortcode_id=&#8221;411491&#8243;][vc_column column_width_percent=&#8221;100&#8243; position_vertical=&#8221;middle&#8221; gutter_size=&#8221;6&#8243; style=&#8221;dark&#8221; overlay_alpha=&#8221;50&#8243; shift_x=&#8221;0&#8243; shift_y=&#8221;0&#8243; shift_y_down=&#8221;0&#8243; z_index=&#8221;0&#8243; medium_width=&#8221;0&#8243; mobile_width=&#8221;0&#8243; width=&#8221;1\/1&#8243; uncode_shortcode_id=&#8221;744311&#8243;][vc_row_inner row_inner_height_percent=&#8221;0&#8243; overlay_alpha=&#8221;50&#8243; gutter_size=&#8221;4&#8243; shift_y=&#8221;0&#8243; z_index=&#8221;0&#8243; inverted_device_order=&#8221;yes&#8221; limit_content=&#8221;&#8221;][vc_column_inner column_width_percent=&#8221;100&#8243; position_vertical=&#8221;middle&#8221; gutter_size=&#8221;2&#8243; style=&#8221;dark&#8221; overlay_alpha=&#8221;50&#8243; shift_x=&#8221;0&#8243; shift_y=&#8221;0&#8243; shift_y_down=&#8221;0&#8243; z_index=&#8221;0&#8243; medium_width=&#8221;4&#8243; align_mobile=&#8221;align_center_mobile&#8221; mobile_width=&#8221;0&#8243; width=&#8221;7\/12&#8243; uncode_shortcode_id=&#8221;128842&#8243;][vc_custom_heading heading_semantic=&#8221;h1&#8243; text_size=&#8221;fontsize-338686&#8243; text_space=&#8221;fontspace-781688&#8243; uncode_shortcode_id=&#8221;173504&#8243;]Preguntas frecuentes[\/vc_custom_heading][vc_custom_heading heading_semantic=&#8221;h3&#8243; text_size=&#8221;h3&#8243; text_weight=&#8221;400&#8243; text_height=&#8221;fontheight-357766&#8243; uncode_shortcode_id=&#8221;918718&#8243;]<span style=\"font-weight: 400;\">Obtenga m\u00e1s informaci\u00f3n sobre el estudio STARLIGHT<\/span>[\/vc_custom_heading][vc_empty_space empty_h=&#8221;1&#8243;][vc_empty_space empty_h=&#8221;1&#8243;][\/vc_column_inner][vc_column_inner column_width_percent=&#8221;100&#8243; position_vertical=&#8221;middle&#8221; gutter_size=&#8221;3&#8243; style=&#8221;dark&#8221; back_image=&#8221;99798&#8243; back_position=&#8221;right top&#8221; overlay_alpha=&#8221;50&#8243; shift_x=&#8221;0&#8243; shift_y=&#8221;0&#8243; shift_y_down=&#8221;0&#8243; z_index=&#8221;0&#8243; medium_width=&#8221;4&#8243; mobile_width=&#8221;0&#8243; width=&#8221;5\/12&#8243; uncode_shortcode_id=&#8221;195800&#8243; back_size=&#8221;80%&#8221;][vc_single_image media=&#8221;111808&#8243; media_width_percent=&#8221;100&#8243; alignment=&#8221;center&#8221; shadow=&#8221;yes&#8221; shadow_weight=&#8221;sm&#8221; uncode_shortcode_id=&#8221;205966&#8243;][\/vc_column_inner][\/vc_row_inner][\/vc_column][\/vc_row][vc_row unlock_row=&#8221;&#8221; row_height_percent=&#8221;0&#8243; override_padding=&#8221;yes&#8221; h_padding=&#8221;2&#8243; top_padding=&#8221;4&#8243; bottom_padding=&#8221;3&#8243; overlay_alpha=&#8221;100&#8243; gutter_size=&#8221;100&#8243; column_width_percent=&#8221;100&#8243; shift_y=&#8221;0&#8243; z_index=&#8221;0&#8243; style=&#8221;inherited&#8221; uncode_shortcode_id=&#8221;113823&#8243; row_name=&#8221;questions&#8221;][vc_column column_width_use_pixel=&#8221;yes&#8221; gutter_size=&#8221;3&#8243; overlay_alpha=&#8221;50&#8243; shift_x=&#8221;0&#8243; shift_y=&#8221;0&#8243; shift_y_down=&#8221;0&#8243; z_index=&#8221;0&#8243; medium_width=&#8221;0&#8243; mobile_width=&#8221;0&#8243; zoom_width=&#8221;0&#8243; zoom_height=&#8221;0&#8243; width=&#8221;1\/1&#8243; uncode_shortcode_id=&#8221;206055&#8243; column_width_pixel=&#8221;1100&#8243;][vc_custom_heading text_space=&#8221;fontspace-781688&#8243; separator=&#8221;yes&#8221; separator_color=&#8221;yes&#8221; uncode_shortcode_id=&#8221;103373&#8243;]Preguntas generales del estudio[\/vc_custom_heading][vc_custom_heading heading_semantic=&#8221;p&#8221; text_size=&#8221;h4&#8243; uncode_shortcode_id=&#8221;710894&#8243; subheading=&#8221;Participar\u00e1 en el estudio durante unos 16\u00a0meses y medio.&#8221;]<strong>\u00bfDurante cu\u00e1nto tiempo estar\u00e9 en el estudio?<\/strong>[\/vc_custom_heading][vc_custom_heading heading_semantic=&#8221;p&#8221; text_size=&#8221;h4&#8243; uncode_shortcode_id=&#8221;210840&#8243; subheading=&#8221;Durante el estudio, tendr\u00e1 hasta 22\u00a0visitas. Durante las visitas del estudio, se realizar\u00e1n pruebas y procedimientos.&#8221;]<strong>\u00bfCu\u00e1ntas veces voy a tener que ir al centro del estudio?<\/strong>[\/vc_custom_heading][vc_custom_heading heading_semantic=&#8221;p&#8221; text_size=&#8221;h4&#8243; uncode_shortcode_id=&#8221;111943&#8243; subheading=&#8221;Es importante asistir a todas las visitas programadas para controlar su salud y evaluar c\u00f3mo podr\u00eda estar afect\u00e1ndolo el tratamiento del estudio.&#8221;]<strong>\u00bfDebo asisitir a todas las visitas del estudio?<\/strong>[\/vc_custom_heading][vc_custom_heading heading_semantic=&#8221;p&#8221; text_size=&#8221;h4&#8243; uncode_shortcode_id=&#8221;202878&#8243; subheading=&#8221;Es posible que usted se beneficie o no directamente de participar en el estudio cl\u00ednico. Sin embargo, su salud ser\u00e1 monitoreada regularmente durante todo el estudio por m\u00e9dicos especializados en enfermedades hep\u00e1ticas. La informaci\u00f3n recopilada durante el estudio puede ayudar a los m\u00e9dicos a aprender m\u00e1s sobre c\u00f3mo tratar a otras personas con problemas de salud relacionados con el consumo de alcohol en el futuro.&#8221;]<strong>\u00bfCu\u00e1les son los beneficios de participar en el estudio cl\u00ednico?<\/strong>[\/vc_custom_heading][vc_custom_heading heading_semantic=&#8221;p&#8221; text_size=&#8221;h4&#8243; uncode_shortcode_id=&#8221;134616&#8243; subheading=&#8221;No tiene que pagar para participar en este estudio. Usted recibir\u00e1 el medicamento del estudio, as\u00ed como todas las pruebas y procedimientos relacionados, sin costo alguno.&#8221;]<strong>\u00bfMe costar\u00e1 algo estar en el estudio?<\/strong>[\/vc_custom_heading][vc_custom_heading heading_semantic=&#8221;p&#8221; text_size=&#8221;h4&#8243; uncode_shortcode_id=&#8221;953827&#8243; subheading=&#8221;La empresa biofarmac\u00e9utica mundial GlaxoSmithKline patrocina el estudio. Le paga al personal y al centro del estudio para que lleven a cabo este estudio.&#8221;]<strong>\u00bfQui\u00e9n patrocina el estudio?<\/strong>[\/vc_custom_heading][vc_custom_heading heading_semantic=&#8221;p&#8221; text_size=&#8221;h4&#8243; uncode_shortcode_id=&#8221;874584&#8243; subheading=&#8221;La participaci\u00f3n en el estudio es voluntaria. Si decide participar y despu\u00e9s cambia de opini\u00f3n, puede dejar el estudio en cualquier momento. Dejar el estudio no afectar\u00e1 su atenci\u00f3n m\u00e9dica habitual.&#8221;]<strong>\u00bfQu\u00e9 ocurre si decido participar en el estudio y luego cambio de opini\u00f3n?<\/strong>[\/vc_custom_heading][\/vc_column][\/vc_row][vc_row row_height_percent=&#8221;0&#8243; overlay_alpha=&#8221;100&#8243; gutter_size=&#8221;100&#8243; column_width_percent=&#8221;100&#8243; shift_y=&#8221;0&#8243; z_index=&#8221;0&#8243; style=&#8221;inherited&#8221; uncode_shortcode_id=&#8221;347789&#8243; row_name=&#8221;questions&#8221;][vc_column column_width_use_pixel=&#8221;yes&#8221; gutter_size=&#8221;3&#8243; overlay_alpha=&#8221;50&#8243; shift_x=&#8221;0&#8243; shift_y=&#8221;0&#8243; shift_y_down=&#8221;0&#8243; z_index=&#8221;0&#8243; medium_width=&#8221;0&#8243; mobile_width=&#8221;0&#8243; zoom_width=&#8221;0&#8243; zoom_height=&#8221;0&#8243; width=&#8221;1\/1&#8243; uncode_shortcode_id=&#8221;146690&#8243; column_width_pixel=&#8221;1100&#8243;][vc_custom_heading text_space=&#8221;fontspace-781688&#8243; separator=&#8221;yes&#8221; separator_color=&#8221;yes&#8221; uncode_shortcode_id=&#8221;194246&#8243;]Preguntas sobre el tratamiento del estudio[\/vc_custom_heading][vc_custom_heading heading_semantic=&#8221;p&#8221; text_size=&#8221;h4&#8243; uncode_shortcode_id=&#8221;884036&#8243; subheading=&#8221;Si re\u00fane los requisitos para el estudio, lo asignar\u00e1n a un grupo al azar para recibir el medicamento del estudio o el placebo. El placebo tiene el mismo aspecto que el medicamento del estudio, pero no contiene ning\u00fan ingrediente activo.&#8221;]<strong>\u00bfQu\u00e9 tratamiento del estudio recibir\u00e9?<\/strong>[\/vc_custom_heading][vc_custom_heading heading_semantic=&#8221;p&#8221; text_size=&#8221;h4&#8243; uncode_shortcode_id=&#8221;196651&#8243; subheading=&#8221;Se utilizar\u00e1 un sistema de computadoras para asignar al azar a los participantes a los grupos de tratamiento del estudio. Esto se llama aleatorizaci\u00f3n.&#8221;]<strong>\u00bfC\u00f3mo se asignan los grupos de tratamiento del estudio?<\/strong>[\/vc_custom_heading][vc_custom_heading heading_semantic=&#8221;p&#8221; text_size=&#8221;h4&#8243; uncode_shortcode_id=&#8221;109289&#8243; subheading=&#8221;Ni usted ni el equipo del estudio sabr\u00e1n qu\u00e9 tratamiento del estudio est\u00e1 recibiendo. Esto ayuda a que el estudio se mantenga imparcial y sin sesgos.&#8221;]<strong>\u00bfSabr\u00e9 qu\u00e9 tratamiento del estudio estoy recibiendo?<\/strong>[\/vc_custom_heading][vc_custom_heading heading_semantic=&#8221;p&#8221; text_size=&#8221;h4&#8243; uncode_shortcode_id=&#8221;563127&#8243; subheading=&#8221;El medicamento en estudio act\u00faa reduciendo la cantidad de una prote\u00edna producida en el h\u00edgado que se cree est\u00e1 involucrada en el desarrollo y empeoramiento de la EHA. Al reducir la cantidad de esta prote\u00edna, el medicamento del estudio podr\u00eda disminuir los efectos t\u00f3xicos del alcohol en el h\u00edgado.&#8221;]<strong>\u00bfC\u00f3mo funciona el medicamento del estudio?<\/strong>[\/vc_custom_heading][vc_custom_heading heading_semantic=&#8221;p&#8221; text_size=&#8221;h4&#8243; uncode_shortcode_id=&#8221;184126&#8243; subheading=&#8221;Al igual que con todos los medicamentos, existe la posibilidad de tener efectos secundarios, que son efectos no deseados o no previstos de un medicamento. Hable con el m\u00e9dico del estudio para obtener m\u00e1s informaci\u00f3n sobre los posibles efectos secundarios. Le har\u00e1n un monitoreo estrecho de su salud durante todo el estudio. Informe al m\u00e9dico del estudio si nota alg\u00fan efecto secundario o cambio en su salud.&#8221;]<strong>\u00bfEl medicamento del estudio tiene alg\u00fan efecto secundario?<\/strong>[\/vc_custom_heading][vc_custom_heading heading_semantic=&#8221;p&#8221; text_size=&#8221;h4&#8243; uncode_shortcode_id=&#8221;115526&#8243; subheading=&#8221;Se recomienda dejar de consumir alcohol a las personas que viven con una enfermedad hep\u00e1tica. Sin embargo, esto no siempre es posible. Usted podr\u00e1 participar en este estudio aunque no haya dejado de tomar.&#8221;]<strong>\u00bfSeguir\u00e9 recibiendo el tratamiento del estudio si consumo alcohol durante el estudio?<\/strong>[\/vc_custom_heading][\/vc_column][\/vc_row]<\/p>\n<\/div>","protected":false},"excerpt":{"rendered":"<p>[vc_row row_height_percent=&#8221;90&#8243; override_padding=&#8221;yes&#8221; h_padding=&#8221;2&#8243; top_padding=&#8221;5&#8243; bottom_padding=&#8221;5&#8243; back_image=&#8221;111180&#8243; back_position=&#8221;center top&#8221; overlay_alpha=&#8221;50&#8243; gutter_size=&#8221;4&#8243; column_width_percent=&#8221;100&#8243; shift_y=&#8221;0&#8243; z_index=&#8221;0&#8243; top_divider=&#8221;gradient&#8221; bottom_divider=&#8221;step_3_4&#8243; uncode_shortcode_id=&#8221;411491&#8243;][vc_column column_width_percent=&#8221;100&#8243; position_vertical=&#8221;middle&#8221; gutter_size=&#8221;6&#8243; [&hellip;]<\/p>\n","protected":false},"author":5,"featured_media":0,"parent":0,"menu_order":0,"comment_status":"closed","ping_status":"closed","template":"","meta":{"footnotes":""},"class_list":["post-112657","page","type-page","status-publish","hentry"],"aioseo_notices":[],"_links":{"self":[{"href":"https:\/\/starlightgsk.com\/es-ar\/wp-json\/wp\/v2\/pages\/112657","targetHints":{"allow":["GET"]}}],"collection":[{"href":"https:\/\/starlightgsk.com\/es-ar\/wp-json\/wp\/v2\/pages"}],"about":[{"href":"https:\/\/starlightgsk.com\/es-ar\/wp-json\/wp\/v2\/types\/page"}],"author":[{"embeddable":true,"href":"https:\/\/starlightgsk.com\/es-ar\/wp-json\/wp\/v2\/users\/5"}],"replies":[{"embeddable":true,"href":"https:\/\/starlightgsk.com\/es-ar\/wp-json\/wp\/v2\/comments?post=112657"}],"version-history":[{"count":0,"href":"https:\/\/starlightgsk.com\/es-ar\/wp-json\/wp\/v2\/pages\/112657\/revisions"}],"wp:attachment":[{"href":"https:\/\/starlightgsk.com\/es-ar\/wp-json\/wp\/v2\/media?parent=112657"}],"curies":[{"name":"wp","href":"https:\/\/api.w.org\/{rel}","templated":true}]}}