{"id":112567,"date":"2022-04-12T21:47:23","date_gmt":"2022-04-12T21:47:23","guid":{"rendered":"https:\/\/gskstarlighdev.wpenginepowered.com\/preguntas-frecuentes\/"},"modified":"2026-03-05T16:18:49","modified_gmt":"2026-03-05T16:18:49","slug":"preguntas-frecuentes","status":"publish","type":"page","link":"https:\/\/starlightgsk.com\/es-zm\/preguntas-frecuentes\/","title":{"rendered":"Preguntas frecuentes"},"content":{"rendered":"<div class=\"wpb-content-wrapper\"><p>[vc_row row_height_percent=&#8221;90&#8243; override_padding=&#8221;yes&#8221; h_padding=&#8221;2&#8243; top_padding=&#8221;5&#8243; bottom_padding=&#8221;5&#8243; back_image=&#8221;111180&#8243; back_position=&#8221;center top&#8221; overlay_alpha=&#8221;50&#8243; gutter_size=&#8221;4&#8243; column_width_percent=&#8221;100&#8243; shift_y=&#8221;0&#8243; z_index=&#8221;0&#8243; top_divider=&#8221;gradient&#8221; bottom_divider=&#8221;step_3_4&#8243; uncode_shortcode_id=&#8221;411491&#8243;][vc_column column_width_percent=&#8221;100&#8243; position_vertical=&#8221;middle&#8221; gutter_size=&#8221;6&#8243; style=&#8221;dark&#8221; overlay_alpha=&#8221;50&#8243; shift_x=&#8221;0&#8243; shift_y=&#8221;0&#8243; shift_y_down=&#8221;0&#8243; z_index=&#8221;0&#8243; medium_width=&#8221;0&#8243; mobile_width=&#8221;0&#8243; width=&#8221;1\/1&#8243; uncode_shortcode_id=&#8221;744311&#8243;][vc_row_inner row_inner_height_percent=&#8221;0&#8243; overlay_alpha=&#8221;50&#8243; gutter_size=&#8221;4&#8243; shift_y=&#8221;0&#8243; z_index=&#8221;0&#8243; inverted_device_order=&#8221;yes&#8221; limit_content=&#8221;&#8221;][vc_column_inner column_width_percent=&#8221;100&#8243; position_vertical=&#8221;middle&#8221; gutter_size=&#8221;2&#8243; style=&#8221;dark&#8221; overlay_alpha=&#8221;50&#8243; shift_x=&#8221;0&#8243; shift_y=&#8221;0&#8243; shift_y_down=&#8221;0&#8243; z_index=&#8221;0&#8243; medium_width=&#8221;4&#8243; align_mobile=&#8221;align_center_mobile&#8221; mobile_width=&#8221;0&#8243; width=&#8221;7\/12&#8243; uncode_shortcode_id=&#8221;128842&#8243;][vc_custom_heading heading_semantic=&#8221;h1&#8243; text_size=&#8221;fontsize-338686&#8243; text_space=&#8221;fontspace-781688&#8243; uncode_shortcode_id=&#8221;173504&#8243;]Preguntas frecuentes[\/vc_custom_heading][vc_custom_heading heading_semantic=&#8221;h3&#8243; text_size=&#8221;h3&#8243; text_weight=&#8221;400&#8243; text_height=&#8221;fontheight-357766&#8243; uncode_shortcode_id=&#8221;918718&#8243;]<span style=\"font-weight: 400;\">Aprenda m\u00e1s sobre el estudio STARLIGHT<\/span>[\/vc_custom_heading][vc_empty_space empty_h=&#8221;1&#8243;][vc_empty_space empty_h=&#8221;1&#8243;][\/vc_column_inner][vc_column_inner column_width_percent=&#8221;100&#8243; position_vertical=&#8221;middle&#8221; gutter_size=&#8221;3&#8243; style=&#8221;dark&#8221; back_image=&#8221;99798&#8243; back_position=&#8221;right top&#8221; overlay_alpha=&#8221;50&#8243; shift_x=&#8221;0&#8243; shift_y=&#8221;0&#8243; shift_y_down=&#8221;0&#8243; z_index=&#8221;0&#8243; medium_width=&#8221;4&#8243; mobile_width=&#8221;0&#8243; width=&#8221;5\/12&#8243; uncode_shortcode_id=&#8221;195800&#8243; back_size=&#8221;80%&#8221;][vc_single_image media=&#8221;111808&#8243; media_width_percent=&#8221;100&#8243; alignment=&#8221;center&#8221; shadow=&#8221;yes&#8221; shadow_weight=&#8221;sm&#8221; uncode_shortcode_id=&#8221;205966&#8243;][\/vc_column_inner][\/vc_row_inner][\/vc_column][\/vc_row][vc_row unlock_row=&#8221;&#8221; row_height_percent=&#8221;0&#8243; override_padding=&#8221;yes&#8221; h_padding=&#8221;2&#8243; top_padding=&#8221;4&#8243; bottom_padding=&#8221;3&#8243; overlay_alpha=&#8221;100&#8243; gutter_size=&#8221;100&#8243; column_width_percent=&#8221;100&#8243; shift_y=&#8221;0&#8243; z_index=&#8221;0&#8243; style=&#8221;inherited&#8221; uncode_shortcode_id=&#8221;113823&#8243; row_name=&#8221;questions&#8221;][vc_column column_width_use_pixel=&#8221;yes&#8221; gutter_size=&#8221;3&#8243; overlay_alpha=&#8221;50&#8243; shift_x=&#8221;0&#8243; shift_y=&#8221;0&#8243; shift_y_down=&#8221;0&#8243; z_index=&#8221;0&#8243; medium_width=&#8221;0&#8243; mobile_width=&#8221;0&#8243; zoom_width=&#8221;0&#8243; zoom_height=&#8221;0&#8243; width=&#8221;1\/1&#8243; uncode_shortcode_id=&#8221;206055&#8243; column_width_pixel=&#8221;1100&#8243;][vc_custom_heading text_space=&#8221;fontspace-781688&#8243; separator=&#8221;yes&#8221; separator_color=&#8221;yes&#8221; uncode_shortcode_id=&#8221;103373&#8243;]Preguntas generales del estudio[\/vc_custom_heading][vc_custom_heading heading_semantic=&#8221;p&#8221; text_size=&#8221;h4&#8243; uncode_shortcode_id=&#8221;710894&#8243; subheading=&#8221;Estar\u00e1 en el estudio hasta aprox. 16,5 meses (menos de un a\u00f1o).&#8221;]<strong>\u00bfCu\u00e1nto tiempo permanecer\u00e9 en el estudio?<\/strong>[\/vc_custom_heading][vc_custom_heading heading_semantic=&#8221;p&#8221; text_size=&#8221;h4&#8243; uncode_shortcode_id=&#8221;210840&#8243; subheading=&#8221;Durante este estudio, tendr\u00e1 hasta 22 visitas.  En estas visitas del estudio, le realizar\u00e1n pruebas y procedimientos.&#8221;]<strong>\u00bfCu\u00e1ntas veces tendr\u00e9 que ir al centro del estudio?<\/strong>[\/vc_custom_heading][vc_custom_heading heading_semantic=&#8221;p&#8221; text_size=&#8221;h4&#8243; uncode_shortcode_id=&#8221;111943&#8243; subheading=&#8221;Es importante que asista a todas las visitas programadas para controlar su estado de salud y ver como le est\u00e1 afectando el tratamiento del estudio.&#8221;]<strong>\u00bfTengo que asistir a todas las visitas del estudio?<\/strong>[\/vc_custom_heading][vc_custom_heading heading_semantic=&#8221;p&#8221; text_size=&#8221;h4&#8243; uncode_shortcode_id=&#8221;202878&#8243; subheading=&#8221;Puede o no beneficiarse directamente de su participaci\u00f3n en el estudio cl\u00ednico. Sin embargo, estar\u00e1 atendido por m\u00e9dicos con experiencia en enfermedades del h\u00edgado que har\u00e1n un seguimiento detallado de su salud durante todo el estudio.  La informaci\u00f3n recopilada durante el estudio puede ayudar a los m\u00e9dicos a aprender m\u00e1s sobre el tratamiento de otras personas con problemas de salud relacionados con el alcohol en el futuro.&#8221;]<strong>\u00bfCu\u00e1les son los beneficios de participar en el estudio cl\u00ednico?<\/strong>[\/vc_custom_heading][vc_custom_heading heading_semantic=&#8221;p&#8221; text_size=&#8221;h4&#8243; uncode_shortcode_id=&#8221;134616&#8243; subheading=&#8221;No tiene que pagar nada para participar en este estudio. Recibir\u00e1 el medicamento y todas las pruebas y procedimientos del estudio sin costo alguno.&#8221;]<strong>\u00bfMe costar\u00e1 algo participar en el estudio?<\/strong>[\/vc_custom_heading][vc_custom_heading heading_semantic=&#8221;p&#8221; text_size=&#8221;h4&#8243; uncode_shortcode_id=&#8221;953827&#8243; subheading=&#8221;El patrocinador global del estudio es la empresa GlaxoSmithKline. Ellos pagan al personal en el centro del estudio para que este estudio se lleve a cabo.&#8221;]<strong>\u00bfQui\u00e9n patrocina el estudio?<\/strong>[\/vc_custom_heading][vc_custom_heading heading_semantic=&#8221;p&#8221; text_size=&#8221;h4&#8243; uncode_shortcode_id=&#8221;874584&#8243; subheading=&#8221;La participaci\u00f3n en el estudio es voluntaria. Si decide participar en el estudio y luego cambia de opini\u00f3n, puede dejarlo en cualquier momento. Si deja el estudio no se afectar\u00e1 su atenci\u00f3n m\u00e9dica habitual.&#8221;]<strong>\u00bfQu\u00e9 pasa si decido participar en el estudio y luego cambio de opini\u00f3n?<\/strong>[\/vc_custom_heading][\/vc_column][\/vc_row][vc_row row_height_percent=&#8221;0&#8243; overlay_alpha=&#8221;100&#8243; gutter_size=&#8221;100&#8243; column_width_percent=&#8221;100&#8243; shift_y=&#8221;0&#8243; z_index=&#8221;0&#8243; style=&#8221;inherited&#8221; uncode_shortcode_id=&#8221;347789&#8243; row_name=&#8221;questions&#8221;][vc_column column_width_use_pixel=&#8221;yes&#8221; gutter_size=&#8221;3&#8243; overlay_alpha=&#8221;50&#8243; shift_x=&#8221;0&#8243; shift_y=&#8221;0&#8243; shift_y_down=&#8221;0&#8243; z_index=&#8221;0&#8243; medium_width=&#8221;0&#8243; mobile_width=&#8221;0&#8243; zoom_width=&#8221;0&#8243; zoom_height=&#8221;0&#8243; width=&#8221;1\/1&#8243; uncode_shortcode_id=&#8221;146690&#8243; column_width_pixel=&#8221;1100&#8243;][vc_custom_heading text_space=&#8221;fontspace-781688&#8243; separator=&#8221;yes&#8221; separator_color=&#8221;yes&#8221; uncode_shortcode_id=&#8221;194246&#8243;]Preguntas sobre el tratamiento del estudio[\/vc_custom_heading][vc_custom_heading heading_semantic=&#8221;p&#8221; text_size=&#8221;h4&#8243; uncode_shortcode_id=&#8221;884036&#8243; subheading=&#8221;Si re\u00fane las condiciones para participar en el estudio, se le asignar\u00e1 a un grupo al azar para recibir el medicamento del estudio o el placebo. El placebo tiene el mismo aspecto que el medicamento del estudio, pero no contiene ning\u00fan ingrediente activo.&#8221;]<strong>\u00bfQu\u00e9 tratamiento del estudio recibir\u00e9?<\/strong>[\/vc_custom_heading][vc_custom_heading heading_semantic=&#8221;p&#8221; text_size=&#8221;h4&#8243; uncode_shortcode_id=&#8221;196651&#8243; subheading=&#8221;Se utilizar\u00e1 un programa de computadora para asignar a los participantes a un grupo al azar. Esto se denomina aleatorizaci\u00f3n.&#8221;]<strong>\u00bfC\u00f3mo se asignan los grupos de tratamiento?<\/strong>[\/vc_custom_heading][vc_custom_heading heading_semantic=&#8221;p&#8221; text_size=&#8221;h4&#8243; uncode_shortcode_id=&#8221;109289&#8243; subheading=&#8221;Ni usted ni el equipo del estudio sabr\u00e1n a qu\u00e9 tratamiento del estudio fue asignado. Esto ayuda a que el estudio se mantenga imparcial y sin sesgos.&#8221;]<strong>\u00bfSabr\u00e9 qu\u00e9 tratamiento del estudio recibir\u00e9?<\/strong>[\/vc_custom_heading][vc_custom_heading heading_semantic=&#8221;p&#8221; text_size=&#8221;h4&#8243; uncode_shortcode_id=&#8221;563127&#8243; subheading=&#8221;El medicamento del estudio funciona mediante la disminuci\u00f3n de una prote\u00edna fabricada en el h\u00edgado que se cree que participa en el desarrollo y empeoramiento de la EHA. Mediante la disminuci\u00f3n de la cantidad de esta prote\u00edna, el medicamento del estudio puede reducir los efectos t\u00f3xicos del alcohol en el h\u00edgado.&#8221;]<strong>\u00bfC\u00f3mo funciona el medicamento del estudio?<\/strong>[\/vc_custom_heading][vc_custom_heading heading_semantic=&#8221;p&#8221; text_size=&#8221;h4&#8243; uncode_shortcode_id=&#8221;184126&#8243; subheading=&#8221;Al igual que con todos los medicamentos, existe la posibilidad de que se produzcan efectos secundarios, que son efectos no deseados o no intencionados de un medicamento. Hable con el m\u00e9dico del estudio para obtener m\u00e1s informaci\u00f3n sobre los posibles efectos secundarios.  Se har\u00e1 un monitoreo estrecho de su salud durante todo el estudio. Informe al m\u00e9dico del estudio si nota alg\u00fan efecto secundario o cambios en su salud.&#8221;]<strong>\u00bfEl medicamento del estudio produce alg\u00fan efecto secundario?<\/strong>[\/vc_custom_heading][vc_custom_heading heading_semantic=&#8221;p&#8221; text_size=&#8221;h4&#8243; uncode_shortcode_id=&#8221;115526&#8243; subheading=&#8221;A las personas con enfermedad hep\u00e1tica se les recomienda dejar de tomar alcohol. Sin embargo, esto no siempre es posible. Si no ha dejado de tomar, igual podr\u00e1 participar en el estudio.&#8221;]<strong>\u00bfSeguir\u00e9 recibiendo el tratamiento del estudio si tomo alcohol durante el estudio?<\/strong>[\/vc_custom_heading][\/vc_column][\/vc_row]<\/p>\n<\/div>","protected":false},"excerpt":{"rendered":"<p>[vc_row row_height_percent=&#8221;90&#8243; override_padding=&#8221;yes&#8221; h_padding=&#8221;2&#8243; top_padding=&#8221;5&#8243; bottom_padding=&#8221;5&#8243; back_image=&#8221;111180&#8243; back_position=&#8221;center top&#8221; overlay_alpha=&#8221;50&#8243; gutter_size=&#8221;4&#8243; column_width_percent=&#8221;100&#8243; shift_y=&#8221;0&#8243; z_index=&#8221;0&#8243; top_divider=&#8221;gradient&#8221; bottom_divider=&#8221;step_3_4&#8243; uncode_shortcode_id=&#8221;411491&#8243;][vc_column column_width_percent=&#8221;100&#8243; position_vertical=&#8221;middle&#8221; gutter_size=&#8221;6&#8243; [&hellip;]<\/p>\n","protected":false},"author":5,"featured_media":0,"parent":0,"menu_order":0,"comment_status":"closed","ping_status":"closed","template":"","meta":{"footnotes":""},"class_list":["post-112567","page","type-page","status-publish","hentry"],"aioseo_notices":[],"_links":{"self":[{"href":"https:\/\/starlightgsk.com\/es-zm\/wp-json\/wp\/v2\/pages\/112567","targetHints":{"allow":["GET"]}}],"collection":[{"href":"https:\/\/starlightgsk.com\/es-zm\/wp-json\/wp\/v2\/pages"}],"about":[{"href":"https:\/\/starlightgsk.com\/es-zm\/wp-json\/wp\/v2\/types\/page"}],"author":[{"embeddable":true,"href":"https:\/\/starlightgsk.com\/es-zm\/wp-json\/wp\/v2\/users\/5"}],"replies":[{"embeddable":true,"href":"https:\/\/starlightgsk.com\/es-zm\/wp-json\/wp\/v2\/comments?post=112567"}],"version-history":[{"count":0,"href":"https:\/\/starlightgsk.com\/es-zm\/wp-json\/wp\/v2\/pages\/112567\/revisions"}],"wp:attachment":[{"href":"https:\/\/starlightgsk.com\/es-zm\/wp-json\/wp\/v2\/media?parent=112567"}],"curies":[{"name":"wp","href":"https:\/\/api.w.org\/{rel}","templated":true}]}}