{"id":112579,"date":"2022-04-12T21:47:23","date_gmt":"2022-04-12T21:47:23","guid":{"rendered":"https:\/\/gskstarlighdev.wpenginepowered.com\/faq\/"},"modified":"2026-03-04T16:07:55","modified_gmt":"2026-03-04T16:07:55","slug":"faq","status":"publish","type":"page","link":"https:\/\/starlightgsk.com\/fr-zc\/faq\/","title":{"rendered":"FAQ"},"content":{"rendered":"<div class=\"wpb-content-wrapper\"><p>[vc_row row_height_percent=&#8221;90&#8243; override_padding=&#8221;yes&#8221; h_padding=&#8221;2&#8243; top_padding=&#8221;5&#8243; bottom_padding=&#8221;5&#8243; back_image=&#8221;111180&#8243; back_position=&#8221;center top&#8221; overlay_alpha=&#8221;50&#8243; gutter_size=&#8221;4&#8243; column_width_percent=&#8221;100&#8243; shift_y=&#8221;0&#8243; z_index=&#8221;0&#8243; top_divider=&#8221;gradient&#8221; bottom_divider=&#8221;step_3_4&#8243; uncode_shortcode_id=&#8221;411491&#8243;][vc_column column_width_percent=&#8221;100&#8243; position_vertical=&#8221;middle&#8221; gutter_size=&#8221;6&#8243; style=&#8221;dark&#8221; overlay_alpha=&#8221;50&#8243; shift_x=&#8221;0&#8243; shift_y=&#8221;0&#8243; shift_y_down=&#8221;0&#8243; z_index=&#8221;0&#8243; medium_width=&#8221;0&#8243; mobile_width=&#8221;0&#8243; width=&#8221;1\/1&#8243; uncode_shortcode_id=&#8221;744311&#8243;][vc_row_inner row_inner_height_percent=&#8221;0&#8243; overlay_alpha=&#8221;50&#8243; gutter_size=&#8221;4&#8243; shift_y=&#8221;0&#8243; z_index=&#8221;0&#8243; inverted_device_order=&#8221;yes&#8221; limit_content=&#8221;&#8221;][vc_column_inner column_width_percent=&#8221;100&#8243; position_vertical=&#8221;middle&#8221; gutter_size=&#8221;2&#8243; style=&#8221;dark&#8221; overlay_alpha=&#8221;50&#8243; shift_x=&#8221;0&#8243; shift_y=&#8221;0&#8243; shift_y_down=&#8221;0&#8243; z_index=&#8221;0&#8243; medium_width=&#8221;4&#8243; align_mobile=&#8221;align_center_mobile&#8221; mobile_width=&#8221;0&#8243; width=&#8221;7\/12&#8243; uncode_shortcode_id=&#8221;128842&#8243;][vc_custom_heading heading_semantic=&#8221;h1&#8243; text_size=&#8221;fontsize-338686&#8243; text_space=&#8221;fontspace-781688&#8243; uncode_shortcode_id=&#8221;173504&#8243;]Foire aux questions[\/vc_custom_heading][vc_custom_heading heading_semantic=&#8221;h3&#8243; text_size=&#8221;h3&#8243; text_weight=&#8221;400&#8243; text_height=&#8221;fontheight-357766&#8243; uncode_shortcode_id=&#8221;918718&#8243;]<span style=\"font-weight: 400;\">En savoir plus sur l\u2019\u00e9tude STARLIGHT<\/span>[\/vc_custom_heading][vc_empty_space empty_h=&#8221;1&#8243;][vc_empty_space empty_h=&#8221;1&#8243;][\/vc_column_inner][vc_column_inner column_width_percent=&#8221;100&#8243; position_vertical=&#8221;middle&#8221; gutter_size=&#8221;3&#8243; style=&#8221;dark&#8221; back_image=&#8221;99798&#8243; back_position=&#8221;right top&#8221; overlay_alpha=&#8221;50&#8243; shift_x=&#8221;0&#8243; shift_y=&#8221;0&#8243; shift_y_down=&#8221;0&#8243; z_index=&#8221;0&#8243; medium_width=&#8221;4&#8243; mobile_width=&#8221;0&#8243; width=&#8221;5\/12&#8243; uncode_shortcode_id=&#8221;195800&#8243; back_size=&#8221;80%&#8221;][vc_single_image media=&#8221;111808&#8243; media_width_percent=&#8221;100&#8243; alignment=&#8221;center&#8221; shadow=&#8221;yes&#8221; shadow_weight=&#8221;sm&#8221; uncode_shortcode_id=&#8221;205966&#8243;][\/vc_column_inner][\/vc_row_inner][\/vc_column][\/vc_row][vc_row unlock_row=&#8221;&#8221; row_height_percent=&#8221;0&#8243; override_padding=&#8221;yes&#8221; h_padding=&#8221;2&#8243; top_padding=&#8221;4&#8243; bottom_padding=&#8221;3&#8243; overlay_alpha=&#8221;100&#8243; gutter_size=&#8221;100&#8243; column_width_percent=&#8221;100&#8243; shift_y=&#8221;0&#8243; z_index=&#8221;0&#8243; style=&#8221;inherited&#8221; uncode_shortcode_id=&#8221;113823&#8243; row_name=&#8221;questions&#8221;][vc_column column_width_use_pixel=&#8221;yes&#8221; gutter_size=&#8221;3&#8243; overlay_alpha=&#8221;50&#8243; shift_x=&#8221;0&#8243; shift_y=&#8221;0&#8243; shift_y_down=&#8221;0&#8243; z_index=&#8221;0&#8243; medium_width=&#8221;0&#8243; mobile_width=&#8221;0&#8243; zoom_width=&#8221;0&#8243; zoom_height=&#8221;0&#8243; width=&#8221;1\/1&#8243; uncode_shortcode_id=&#8221;206055&#8243; column_width_pixel=&#8221;1100&#8243;][vc_custom_heading text_space=&#8221;fontspace-781688&#8243; separator=&#8221;yes&#8221; separator_color=&#8221;yes&#8221; uncode_shortcode_id=&#8221;103373&#8243;]Questions g\u00e9n\u00e9rales sur l\u2019\u00e9tude[\/vc_custom_heading][vc_custom_heading heading_semantic=&#8221;p&#8221; text_size=&#8221;h4&#8243; uncode_shortcode_id=&#8221;710894&#8243; subheading=&#8221;Vous participerez \u00e0 l\u2019\u00e9tude pour environ 16,5 mois.&#8221;]<strong>Pendant combien de temps vais-je participer \u00e0 l&#8217;\u00e9tude?<\/strong>[\/vc_custom_heading][vc_custom_heading heading_semantic=&#8221;p&#8221; text_size=&#8221;h4&#8243; uncode_shortcode_id=&#8221;210840&#8243; subheading=&#8221;Au cours de l&apos;\u00e9tude, vous aurez jusqu&apos;\u00e0 22 visites Au cours de ces visites, vous aurez des examens et des proc\u00e9dures.&#8221;]<strong>Combien de fois devrai-je me rendre au centre d\u2019\u00e9tude?<\/strong>[\/vc_custom_heading][vc_custom_heading heading_semantic=&#8221;p&#8221; text_size=&#8221;h4&#8243; uncode_shortcode_id=&#8221;111943&#8243; subheading=&#8221;Il est important d&apos;assister \u00e0 toutes les visites planifi\u00e9es pour v\u00e9rifier votre \u00e9tat de sant\u00e9 et voir comment le traitement \u00e0 l&apos;\u00e9tude agit sur vous.&#8221;]<strong>Dois-je assister \u00e0 toutes les visites de l&#8217;\u00e9tude?<\/strong>[\/vc_custom_heading][vc_custom_heading heading_semantic=&#8221;p&#8221; text_size=&#8221;h4&#8243; uncode_shortcode_id=&#8221;202878&#8243; subheading=&#8221;Vous pourriez ou non tirer un b\u00e9n\u00e9fice direct de votre participation \u00e0 l\u2019\u00e9tude clinique. Cependant, votre sant\u00e9 sera r\u00e9guli\u00e8rement surveill\u00e9e tout au long de l\u2019\u00e9tude par des m\u00e9decins experts des maladies du foie. Les informations recueillies au cours de l&apos;\u00e9tude pourraient permettre aux m\u00e9decins d\u2019acqu\u00e9rir de nouvelles connaissances sur le traitement d\u2019autres personnes atteintes de probl\u00e8mes de sant\u00e9 similaires li\u00e9s \u00e0 l&apos;alcool \u00e0 l\u2019avenir.&#8221;]<strong>Quels sont les avantages li\u00e9s \u00e0 la participation \u00e0 l&#8217;\u00e9tude clinique?<\/strong>[\/vc_custom_heading][vc_custom_heading heading_semantic=&#8221;p&#8221; text_size=&#8221;h4&#8243; uncode_shortcode_id=&#8221;134616&#8243; subheading=&#8221;Vous ne devez pas payer pour participer \u00e0 cette \u00e9tude.  Vous recevrez le m\u00e9dicament \u00e0 l&apos;\u00e9tude et tous les examens et proc\u00e9dures de l&apos;\u00e9tude gratuitement.&#8221;]<strong>La participation \u00e0 l&#8217;\u00e9tude me co\u00fbtera-t-elle quelque chose?<\/strong>[\/vc_custom_heading][vc_custom_heading heading_semantic=&#8221;p&#8221; text_size=&#8221;h4&#8243; uncode_shortcode_id=&#8221;953827&#8243; subheading=&#8221;L\u2019entreprise biopharmaceutique mondiale GlaxoSmithKline est le promoteur de l\u2019\u00e9tude.  Elle r\u00e9mun\u00e8re le personnel du centre d\u2019\u00e9tude pour mener l\u2019\u00e9tude.&#8221;]<strong>Qui finance l\u2019\u00e9tude?<\/strong>[\/vc_custom_heading][vc_custom_heading heading_semantic=&#8221;p&#8221; text_size=&#8221;h4&#8243; uncode_shortcode_id=&#8221;874584&#8243; subheading=&#8221;La participation \u00e0 l\u2019\u00e9tude est volontaire. Si vous d\u00e9cidez de participer et que vous changez d&apos;avis, vous pouvez quitter l&apos;\u00e9tude \u00e0 tout moment. Quitter l&apos;\u00e9tude ne modifiera en rien vos soins m\u00e9dicaux habituels.&#8221;]<strong>Que se passera-t-il si je d\u00e9cide de participer \u00e0 l&#8217;\u00e9tude et que je change d&#8217;avis par la suite?<\/strong>[\/vc_custom_heading][\/vc_column][\/vc_row][vc_row row_height_percent=&#8221;0&#8243; overlay_alpha=&#8221;100&#8243; gutter_size=&#8221;100&#8243; column_width_percent=&#8221;100&#8243; shift_y=&#8221;0&#8243; z_index=&#8221;0&#8243; style=&#8221;inherited&#8221; uncode_shortcode_id=&#8221;347789&#8243; row_name=&#8221;questions&#8221;][vc_column column_width_use_pixel=&#8221;yes&#8221; gutter_size=&#8221;3&#8243; overlay_alpha=&#8221;50&#8243; shift_x=&#8221;0&#8243; shift_y=&#8221;0&#8243; shift_y_down=&#8221;0&#8243; z_index=&#8221;0&#8243; medium_width=&#8221;0&#8243; mobile_width=&#8221;0&#8243; zoom_width=&#8221;0&#8243; zoom_height=&#8221;0&#8243; width=&#8221;1\/1&#8243; uncode_shortcode_id=&#8221;146690&#8243; column_width_pixel=&#8221;1100&#8243;][vc_custom_heading text_space=&#8221;fontspace-781688&#8243; separator=&#8221;yes&#8221; separator_color=&#8221;yes&#8221; uncode_shortcode_id=&#8221;194246&#8243;]Questions sur le traitement \u00e0 l\u2019\u00e9tude[\/vc_custom_heading][vc_custom_heading heading_semantic=&#8221;p&#8221; text_size=&#8221;h4&#8243; uncode_shortcode_id=&#8221;884036&#8243; subheading=&#8221;Si vous remplissez les conditions requises pour participer \u00e0 l&apos;\u00e9tude, vous serez plac\u00e9(e) al\u00e9atoirement dans un groupe pour recevoir soit le m\u00e9dicament \u00e0 l&apos;\u00e9tude, soit le placebo. Le placebo ressemble au m\u00e9dicament \u00e0 l&apos;\u00e9tude mais ne contient pas de m\u00e9dicament actif.&#8221;]<strong>Quel traitement recevrai-je dans le cadre de l&#8217;\u00e9tude?<\/strong>[\/vc_custom_heading][vc_custom_heading heading_semantic=&#8221;p&#8221; text_size=&#8221;h4&#8243; uncode_shortcode_id=&#8221;196651&#8243; subheading=&#8221;Un syst\u00e8me informatique est utilis\u00e9 pour r\u00e9partir au hasard les participants dans les groupes de traitement de l\u2019\u00e9tude. C\u2019est ce qu\u2019on appelle la r\u00e9partition al\u00e9atoire.&#8221;]<strong>Comment les groupes de traitement de l\u2019\u00e9tude sont-ils attribu\u00e9s?<\/strong>[\/vc_custom_heading][vc_custom_heading heading_semantic=&#8221;p&#8221; text_size=&#8221;h4&#8243; uncode_shortcode_id=&#8221;109289&#8243; subheading=&#8221;Vous et l\u2019\u00e9quipe de l\u2019\u00e9tude ne saurez pas quel traitement \u00e0 l\u2019\u00e9tude vous recevez. Cela fait en sorte que l\u2019\u00e9tude soit juste et impartiale.&#8221;]<strong>Est-ce que je saurai quel traitement \u00e0 l\u2019\u00e9tude je re\u00e7ois?<\/strong>[\/vc_custom_heading][vc_custom_heading heading_semantic=&#8221;p&#8221; text_size=&#8221;h4&#8243; uncode_shortcode_id=&#8221;563127&#8243; subheading=&#8221;Le m\u00e9dicament \u00e0 l&apos;\u00e9tude agit en r\u00e9duisant la quantit\u00e9 d&apos;une prot\u00e9ine fabriqu\u00e9e dans le foie qui serait impliqu\u00e9e dans le d\u00e9veloppement et l&apos;aggravation de l&apos;ALD. En r\u00e9duisant la quantit\u00e9 de cette prot\u00e9ine, le m\u00e9dicament \u00e0 l&apos;\u00e9tude pourrait r\u00e9duire les effets toxiques de l&apos;alcool sur le foie.&#8221;]<strong>Comment le m\u00e9dicament \u00e0 l&#8217;\u00e9tude agit-il?<\/strong>[\/vc_custom_heading][vc_custom_heading heading_semantic=&#8221;p&#8221; text_size=&#8221;h4&#8243; uncode_shortcode_id=&#8221;184126&#8243; subheading=&#8221;Comme pour tous les m\u00e9dicaments, il existe un risque d&apos;effets secondaires, qui sont des effets ind\u00e9sirables ou non intentionnels d&apos;un m\u00e9dicament.  Adressez-vous au m\u00e9decin de l&apos;\u00e9tude pour en savoir plus sur les effets secondaires possibles.  Votre sant\u00e9 sera \u00e9troitement surveill\u00e9e pendant toute la dur\u00e9e de l&apos;\u00e9tude. Informez le m\u00e9decin de l&apos;\u00e9tude si vous remarquez des effets secondaires ou des changements dans votre \u00e9tat de sant\u00e9.&#8221;]<strong>Y a-t-il des effets secondaires li\u00e9s au m\u00e9dicament \u00e0 l&#8217;\u00e9tude ?<\/strong>[\/vc_custom_heading][vc_custom_heading heading_semantic=&#8221;p&#8221; text_size=&#8221;h4&#8243; uncode_shortcode_id=&#8221;115526&#8243; subheading=&#8221;L&apos;arr\u00eat de la consommation d&apos;alcool est recommand\u00e9 aux personnes atteintes d&apos;une maladie du foie.  Toutefois, cela n&apos;est pas toujours possible. Vous pourrez participer \u00e0 cette \u00e9tude m\u00eame si vous n&apos;avez pas arr\u00eat\u00e9 de boire de l\u2019alcool.&#8221;]<strong>Est-ce que je recevrai quand m\u00eame le traitement \u00e0 l&#8217;\u00e9tude si je bois de l&#8217;alcool pendant l&#8217;\u00e9tude?<\/strong>[\/vc_custom_heading][\/vc_column][\/vc_row]<\/p>\n<\/div>","protected":false},"excerpt":{"rendered":"<p>[vc_row row_height_percent=&#8221;90&#8243; override_padding=&#8221;yes&#8221; h_padding=&#8221;2&#8243; top_padding=&#8221;5&#8243; bottom_padding=&#8221;5&#8243; back_image=&#8221;111180&#8243; back_position=&#8221;center top&#8221; overlay_alpha=&#8221;50&#8243; gutter_size=&#8221;4&#8243; column_width_percent=&#8221;100&#8243; shift_y=&#8221;0&#8243; z_index=&#8221;0&#8243; top_divider=&#8221;gradient&#8221; bottom_divider=&#8221;step_3_4&#8243; uncode_shortcode_id=&#8221;411491&#8243;][vc_column column_width_percent=&#8221;100&#8243; position_vertical=&#8221;middle&#8221; gutter_size=&#8221;6&#8243; [&hellip;]<\/p>\n","protected":false},"author":5,"featured_media":0,"parent":0,"menu_order":0,"comment_status":"closed","ping_status":"closed","template":"","meta":{"footnotes":""},"class_list":["post-112579","page","type-page","status-publish","hentry"],"aioseo_notices":[],"_links":{"self":[{"href":"https:\/\/starlightgsk.com\/fr-zc\/wp-json\/wp\/v2\/pages\/112579","targetHints":{"allow":["GET"]}}],"collection":[{"href":"https:\/\/starlightgsk.com\/fr-zc\/wp-json\/wp\/v2\/pages"}],"about":[{"href":"https:\/\/starlightgsk.com\/fr-zc\/wp-json\/wp\/v2\/types\/page"}],"author":[{"embeddable":true,"href":"https:\/\/starlightgsk.com\/fr-zc\/wp-json\/wp\/v2\/users\/5"}],"replies":[{"embeddable":true,"href":"https:\/\/starlightgsk.com\/fr-zc\/wp-json\/wp\/v2\/comments?post=112579"}],"version-history":[{"count":0,"href":"https:\/\/starlightgsk.com\/fr-zc\/wp-json\/wp\/v2\/pages\/112579\/revisions"}],"wp:attachment":[{"href":"https:\/\/starlightgsk.com\/fr-zc\/wp-json\/wp\/v2\/media?parent=112579"}],"curies":[{"name":"wp","href":"https:\/\/api.w.org\/{rel}","templated":true}]}}