{"id":112586,"date":"2025-02-03T17:46:36","date_gmt":"2025-02-03T17:46:36","guid":{"rendered":"https:\/\/gskstarlighdev.wpenginepowered.com\/video-pour-comprendre-lhepatopathie-alcoolique-ald-et-letude-starlight\/"},"modified":"2026-03-04T16:12:01","modified_gmt":"2026-03-04T16:12:01","slug":"video-pour-comprendre-lhepatopathie-alcoolique-ald-et-letude-starlight","status":"publish","type":"page","link":"https:\/\/starlightgsk.com\/fr-zc\/video-pour-comprendre-lhepatopathie-alcoolique-ald-et-letude-starlight\/","title":{"rendered":"Vid\u00e9o pour comprendre l&#8217;h\u00e9patopathie alcoolique (ALD) et l&#8217;\u00e9tude STARLIGHT"},"content":{"rendered":"<div class=\"wpb-content-wrapper\"><p>[vc_row][vc_column width=&#8221;1\/1&#8243;][vc_single_image media=&#8221;113275&#8243; media_width_percent=&#8221;100&#8243; uncode_shortcode_id=&#8221;166320&#8243;][\/vc_column][\/vc_row].<\/p>\n<\/div>","protected":false},"excerpt":{"rendered":"<p>[vc_row][vc_column width=&#8221;1\/1&#8243;][vc_single_image media=&#8221;113275&#8243; media_width_percent=&#8221;100&#8243; uncode_shortcode_id=&#8221;166320&#8243;][\/vc_column][\/vc_row].<\/p>\n","protected":false},"author":8,"featured_media":0,"parent":0,"menu_order":0,"comment_status":"closed","ping_status":"closed","template":"","meta":{"footnotes":""},"class_list":["post-112586","page","type-page","status-publish","hentry"],"aioseo_notices":[],"_links":{"self":[{"href":"https:\/\/starlightgsk.com\/fr-zc\/wp-json\/wp\/v2\/pages\/112586","targetHints":{"allow":["GET"]}}],"collection":[{"href":"https:\/\/starlightgsk.com\/fr-zc\/wp-json\/wp\/v2\/pages"}],"about":[{"href":"https:\/\/starlightgsk.com\/fr-zc\/wp-json\/wp\/v2\/types\/page"}],"author":[{"embeddable":true,"href":"https:\/\/starlightgsk.com\/fr-zc\/wp-json\/wp\/v2\/users\/8"}],"replies":[{"embeddable":true,"href":"https:\/\/starlightgsk.com\/fr-zc\/wp-json\/wp\/v2\/comments?post=112586"}],"version-history":[{"count":0,"href":"https:\/\/starlightgsk.com\/fr-zc\/wp-json\/wp\/v2\/pages\/112586\/revisions"}],"wp:attachment":[{"href":"https:\/\/starlightgsk.com\/fr-zc\/wp-json\/wp\/v2\/media?parent=112586"}],"curies":[{"name":"wp","href":"https:\/\/api.w.org\/{rel}","templated":true}]}}