{"id":112473,"date":"2022-04-12T21:47:23","date_gmt":"2022-04-12T21:47:23","guid":{"rendered":"https:\/\/gskstarlighdev.wpenginepowered.com\/czesto-zadawane-pytania\/"},"modified":"2026-03-06T09:24:33","modified_gmt":"2026-03-06T09:24:33","slug":"czesto-zadawane-pytania","status":"publish","type":"page","link":"https:\/\/starlightgsk.com\/pl-zg\/czesto-zadawane-pytania\/","title":{"rendered":"Cz\u0119sto zadawane pytania"},"content":{"rendered":"<div class=\"wpb-content-wrapper\"><p>[vc_row row_height_percent=&#8221;90&#8243; override_padding=&#8221;yes&#8221; h_padding=&#8221;2&#8243; top_padding=&#8221;5&#8243; bottom_padding=&#8221;5&#8243; back_image=&#8221;111180&#8243; back_position=&#8221;center top&#8221; overlay_alpha=&#8221;50&#8243; gutter_size=&#8221;4&#8243; column_width_percent=&#8221;100&#8243; shift_y=&#8221;0&#8243; z_index=&#8221;0&#8243; top_divider=&#8221;gradient&#8221; bottom_divider=&#8221;step_3_4&#8243; uncode_shortcode_id=&#8221;411491&#8243;][vc_column column_width_percent=&#8221;100&#8243; position_vertical=&#8221;middle&#8221; gutter_size=&#8221;6&#8243; style=&#8221;dark&#8221; overlay_alpha=&#8221;50&#8243; shift_x=&#8221;0&#8243; shift_y=&#8221;0&#8243; shift_y_down=&#8221;0&#8243; z_index=&#8221;0&#8243; medium_width=&#8221;0&#8243; mobile_width=&#8221;0&#8243; width=&#8221;1\/1&#8243; uncode_shortcode_id=&#8221;744311&#8243;][vc_row_inner row_inner_height_percent=&#8221;0&#8243; overlay_alpha=&#8221;50&#8243; gutter_size=&#8221;4&#8243; shift_y=&#8221;0&#8243; z_index=&#8221;0&#8243; inverted_device_order=&#8221;yes&#8221; limit_content=&#8221;&#8221;][vc_column_inner column_width_percent=&#8221;100&#8243; position_vertical=&#8221;middle&#8221; gutter_size=&#8221;2&#8243; style=&#8221;dark&#8221; overlay_alpha=&#8221;50&#8243; shift_x=&#8221;0&#8243; shift_y=&#8221;0&#8243; shift_y_down=&#8221;0&#8243; z_index=&#8221;0&#8243; medium_width=&#8221;4&#8243; align_mobile=&#8221;align_center_mobile&#8221; mobile_width=&#8221;0&#8243; width=&#8221;7\/12&#8243; uncode_shortcode_id=&#8221;128842&#8243;][vc_custom_heading heading_semantic=&#8221;h1&#8243; text_size=&#8221;fontsize-338686&#8243; text_space=&#8221;fontspace-781688&#8243; uncode_shortcode_id=&#8221;173504&#8243;]Cz\u0119sto zadawane pytania[\/vc_custom_heading][vc_custom_heading heading_semantic=&#8221;h3&#8243; text_size=&#8221;h3&#8243; text_weight=&#8221;400&#8243; text_height=&#8221;fontheight-357766&#8243; uncode_shortcode_id=&#8221;918718&#8243;]<span style=\"font-weight: 400;\">Dowiedz si\u0119 wi\u0119cej o badaniu STARLIGHT<\/span>[\/vc_custom_heading][vc_empty_space empty_h=&#8221;1&#8243;][vc_empty_space empty_h=&#8221;1&#8243;][\/vc_column_inner][vc_column_inner column_width_percent=&#8221;100&#8243; position_vertical=&#8221;middle&#8221; gutter_size=&#8221;3&#8243; style=&#8221;dark&#8221; back_image=&#8221;99798&#8243; back_position=&#8221;right top&#8221; overlay_alpha=&#8221;50&#8243; shift_x=&#8221;0&#8243; shift_y=&#8221;0&#8243; shift_y_down=&#8221;0&#8243; z_index=&#8221;0&#8243; medium_width=&#8221;4&#8243; mobile_width=&#8221;0&#8243; width=&#8221;5\/12&#8243; uncode_shortcode_id=&#8221;195800&#8243; back_size=&#8221;80%&#8221;][vc_single_image media=&#8221;111808&#8243; media_width_percent=&#8221;100&#8243; alignment=&#8221;center&#8221; shadow=&#8221;yes&#8221; shadow_weight=&#8221;sm&#8221; uncode_shortcode_id=&#8221;205966&#8243;][\/vc_column_inner][\/vc_row_inner][\/vc_column][\/vc_row][vc_row unlock_row=&#8221;&#8221; row_height_percent=&#8221;0&#8243; override_padding=&#8221;yes&#8221; h_padding=&#8221;2&#8243; top_padding=&#8221;4&#8243; bottom_padding=&#8221;3&#8243; overlay_alpha=&#8221;100&#8243; gutter_size=&#8221;100&#8243; column_width_percent=&#8221;100&#8243; shift_y=&#8221;0&#8243; z_index=&#8221;0&#8243; style=&#8221;inherited&#8221; uncode_shortcode_id=&#8221;113823&#8243; row_name=&#8221;questions&#8221;][vc_column column_width_use_pixel=&#8221;yes&#8221; gutter_size=&#8221;3&#8243; overlay_alpha=&#8221;50&#8243; shift_x=&#8221;0&#8243; shift_y=&#8221;0&#8243; shift_y_down=&#8221;0&#8243; z_index=&#8221;0&#8243; medium_width=&#8221;0&#8243; mobile_width=&#8221;0&#8243; zoom_width=&#8221;0&#8243; zoom_height=&#8221;0&#8243; width=&#8221;1\/1&#8243; uncode_shortcode_id=&#8221;206055&#8243; column_width_pixel=&#8221;1100&#8243;][vc_custom_heading text_space=&#8221;fontspace-781688&#8243; separator=&#8221;yes&#8221; separator_color=&#8221;yes&#8221; uncode_shortcode_id=&#8221;103373&#8243;]Og\u00f3lne pytania na temat badania[\/vc_custom_heading][vc_custom_heading heading_semantic=&#8221;p&#8221; text_size=&#8221;h4&#8243; uncode_shortcode_id=&#8221;710894&#8243; subheading=&#8221;Udzia\u0142 w badaniu potrwa oko\u0142o 16,5 miesi\u0105ca.&#8221;]<strong>Jak d\u0142ugo b\u0119d\u0119 uczestniczy\u0107 w badaniu?<\/strong>[\/vc_custom_heading][vc_custom_heading heading_semantic=&#8221;p&#8221; text_size=&#8221;h4&#8243; uncode_shortcode_id=&#8221;210840&#8243; subheading=&#8221;Badanie b\u0119dzie si\u0119 sk\u0142ada\u0107 z maksymalnie 22\u00a0wizyt. Podczas tych wizyt zostan\u0105 przeprowadzone testy i procedury.&#8221;]<strong>Ile razy b\u0119dzie trzeba si\u0119 zg\u0142osi\u0107 do o\u015brodka badawczego?<\/strong>[\/vc_custom_heading][vc_custom_heading heading_semantic=&#8221;p&#8221; text_size=&#8221;h4&#8243; uncode_shortcode_id=&#8221;111943&#8243; subheading=&#8221;Wa\u017cne, aby uczestniczy\u0107 we wszystkich zaplanowanych wizytach \u2013 umo\u017cliwi to regularne monitorowanie stanu zdrowia oraz sprawdzanie wp\u0142ywu leczenia badanego na organizm.&#8221;]<strong>Czy musz\u0119 uczestniczy\u0107 we wszystkich wizytach w ramach badania?<\/strong>[\/vc_custom_heading][vc_custom_heading heading_semantic=&#8221;p&#8221; text_size=&#8221;h4&#8243; uncode_shortcode_id=&#8221;202878&#8243; subheading=&#8221;Nie ma pewno\u015bci, co do tego, \u017ce udzia\u0142 w badaniu klinicznym przyniesie jakiekolwiek bezpo\u015brednie korzy\u015bci. Niemniej jednak przez ca\u0142y czas trwania badania stan zdrowia pacjent\u00f3w b\u0119dzie regularnie monitorowany przez lekarzy specjalizuj\u0105cych si\u0119 w chorobach w\u0105troby. Wszelkie informacje zebrane podczas badania w przysz\u0142o\u015bci mog\u0105 pom\u00f3c lekarzom dowiedzie\u0107 si\u0119 wi\u0119cej o leczeniu innych os\u00f3b z podobnymi problemami zdrowotnymi zwi\u0105zanymi ze spo\u017cywaniem alkoholu.&#8221;]<strong>Jakie s\u0105 korzy\u015bci z udzia\u0142u w badaniu klinicznym?<\/strong>[\/vc_custom_heading][vc_custom_heading heading_semantic=&#8221;p&#8221; text_size=&#8221;h4&#8243; uncode_shortcode_id=&#8221;134616&#8243; subheading=&#8221;Udzia\u0142 w tym badaniu jest ca\u0142kowicie bezp\u0142atny. Lek badany oraz wszystkie testy i procedury zwi\u0105zane z badaniem s\u0105 bezp\u0142atne.&#8221;]<strong>Czy udzia\u0142 w badaniu b\u0119dzie mnie co\u015b kosztowa\u0142?<\/strong>[\/vc_custom_heading][vc_custom_heading heading_semantic=&#8221;p&#8221; text_size=&#8221;h4&#8243; uncode_shortcode_id=&#8221;953827&#8243; subheading=&#8221;Badanie sponsoruje globalna firma biofarmaceutyczna GlaxoSmithKline. Firma ta wyp\u0142aca wynagrodzenie personelowi o\u015brodka badawczego w zamian za prowadzenie badania.&#8221;]<strong>Kto sponsoruje badanie?<\/strong>[\/vc_custom_heading][vc_custom_heading heading_semantic=&#8221;p&#8221; text_size=&#8221;h4&#8243; uncode_shortcode_id=&#8221;874584&#8243; subheading=&#8221;Udzia\u0142 w badaniu jest dobrowolny. Z udzia\u0142u mo\u017cna w dowolnym momencie zrezygnowa\u0107. Decyzja o opuszczeniu badania nie wp\u0142ynie na zwyk\u0142\u0105 opiek\u0119 medyczn\u0105.&#8221;]<strong>Co je\u015bli zdecyduj\u0119 si\u0119 wzi\u0105\u0107 udzia\u0142 w badaniu, a potem zmieni\u0119 zdanie?<\/strong>[\/vc_custom_heading][\/vc_column][\/vc_row][vc_row row_height_percent=&#8221;0&#8243; overlay_alpha=&#8221;100&#8243; gutter_size=&#8221;100&#8243; column_width_percent=&#8221;100&#8243; shift_y=&#8221;0&#8243; z_index=&#8221;0&#8243; style=&#8221;inherited&#8221; uncode_shortcode_id=&#8221;347789&#8243; row_name=&#8221;questions&#8221;][vc_column column_width_use_pixel=&#8221;yes&#8221; gutter_size=&#8221;3&#8243; overlay_alpha=&#8221;50&#8243; shift_x=&#8221;0&#8243; shift_y=&#8221;0&#8243; shift_y_down=&#8221;0&#8243; z_index=&#8221;0&#8243; medium_width=&#8221;0&#8243; mobile_width=&#8221;0&#8243; zoom_width=&#8221;0&#8243; zoom_height=&#8221;0&#8243; width=&#8221;1\/1&#8243; uncode_shortcode_id=&#8221;146690&#8243; column_width_pixel=&#8221;1100&#8243;][vc_custom_heading text_space=&#8221;fontspace-781688&#8243; separator=&#8221;yes&#8221; separator_color=&#8221;yes&#8221; uncode_shortcode_id=&#8221;194246&#8243;]Pytania dotycz\u0105ce leczenia badanego[\/vc_custom_heading][vc_custom_heading heading_semantic=&#8221;p&#8221; text_size=&#8221;h4&#8243; uncode_shortcode_id=&#8221;884036&#8243; subheading=&#8221;W przypadku zakwalifikowania si\u0119 do badania pacjent zostanie losowo przydzielony do grupy otrzymuj\u0105cej lek badany lub placebo. Placebo wygl\u0105da tak samo jak lek badany, ale nie zawiera substancji czynnej.&#8221;]<strong>Jakie leczenie otrzymam w ramach badania?<\/strong>[\/vc_custom_heading][vc_custom_heading heading_semantic=&#8221;p&#8221; text_size=&#8221;h4&#8243; uncode_shortcode_id=&#8221;196651&#8243; subheading=&#8221;Uczestnicy b\u0119d\u0105 przydzielani do grup leczenia przez system komputerowy w spos\u00f3b losowy. Nazywa si\u0119 to randomizacj\u0105.&#8221;]<strong>Jak b\u0119dzie wygl\u0105da\u0142 przydzia\u0142 do grup leczenia w badaniu?<\/strong>[\/vc_custom_heading][vc_custom_heading heading_semantic=&#8221;p&#8221; text_size=&#8221;h4&#8243; uncode_shortcode_id=&#8221;109289&#8243; subheading=&#8221;Ani pacjent, ani zesp\u00f3\u0142 badania nie b\u0119d\u0105 wiedzie\u0107, jakie leczenie w ramach badania otrzymuje pacjent. Pozwoli to zapewni\u0107 rzetelno\u015b\u0107 i obiektywizm badania.&#8221;]<strong>Czy b\u0119d\u0119 wiedzie\u0107, jakie leczenie w ramach badania otrzymuj\u0119?<\/strong>[\/vc_custom_heading][vc_custom_heading heading_semantic=&#8221;p&#8221; text_size=&#8221;h4&#8243; uncode_shortcode_id=&#8221;563127&#8243; subheading=&#8221;Lek badany obni\u017ca ilo\u015b\u0107 wytwarzanego w w\u0105trobie bia\u0142ka, kt\u00f3re \u2013 wed\u0142ug podejrze\u0144 \u2013 mo\u017ce mie\u0107 wp\u0142yw na rozw\u00f3j i nasilenie ALD. Poprzez obni\u017cenie ilo\u015bci tego bia\u0142ka lek badany mo\u017ce by\u0107 w stanie zmniejszy\u0107 toksyczny wp\u0142yw alkoholu na w\u0105trob\u0119.&#8221;]<strong>Jak dzia\u0142a lek badany?<\/strong>[\/vc_custom_heading][vc_custom_heading heading_semantic=&#8221;p&#8221; text_size=&#8221;h4&#8243; uncode_shortcode_id=&#8221;184126&#8243; subheading=&#8221;Podobnie jak w przypadku wszystkich lek\u00f3w istnieje ryzyko wyst\u0105pienia dzia\u0142a\u0144 niepo\u017c\u0105danych b\u0119d\u0105cych niepo\u017c\u0105danymi lub niezamierzonymi skutkami dzia\u0142ania leku. Wi\u0119cej informacji na temat mo\u017cliwych dzia\u0142a\u0144 niepo\u017c\u0105danych udzieli lekarz prowadz\u0105cy badanie. Stan zdrowia pacjenta b\u0119dzie uwa\u017cnie monitorowany przez ca\u0142y okres badania. W przypadku zauwa\u017cenia jakiegokolwiek dzia\u0142ania niepo\u017c\u0105danego lub zmiany w stanie zdrowia nale\u017cy poinformowa\u0107 lekarza.&#8221;]<strong>Czy lek badany wywo\u0142uje jakie\u015b dzia\u0142ania niepo\u017c\u0105dane?<\/strong>[\/vc_custom_heading][vc_custom_heading heading_semantic=&#8221;p&#8221; text_size=&#8221;h4&#8243; uncode_shortcode_id=&#8221;115526&#8243; subheading=&#8221;Zaprzestanie picia alkoholu jest zalecane osobom cierpi\u0105cym na choroby w\u0105troby. Nie zawsze jest to jednak mo\u017cliwe. Udzia\u0142 w badaniu jest mo\u017cliwy nawet w przypadku spo\u017cywania alkoholu.&#8221;]<strong>Czy nadal b\u0119d\u0119 otrzymywa\u0107 leczenie badane, je\u015bli w trakcie badania b\u0119d\u0119 pi\u0107 alkohol?<\/strong>[\/vc_custom_heading][\/vc_column][\/vc_row]<\/p>\n<\/div>","protected":false},"excerpt":{"rendered":"<p>[vc_row row_height_percent=&#8221;90&#8243; override_padding=&#8221;yes&#8221; h_padding=&#8221;2&#8243; top_padding=&#8221;5&#8243; bottom_padding=&#8221;5&#8243; back_image=&#8221;111180&#8243; back_position=&#8221;center top&#8221; overlay_alpha=&#8221;50&#8243; gutter_size=&#8221;4&#8243; column_width_percent=&#8221;100&#8243; shift_y=&#8221;0&#8243; z_index=&#8221;0&#8243; top_divider=&#8221;gradient&#8221; bottom_divider=&#8221;step_3_4&#8243; uncode_shortcode_id=&#8221;411491&#8243;][vc_column column_width_percent=&#8221;100&#8243; position_vertical=&#8221;middle&#8221; gutter_size=&#8221;6&#8243; [&hellip;]<\/p>\n","protected":false},"author":5,"featured_media":0,"parent":0,"menu_order":0,"comment_status":"closed","ping_status":"closed","template":"","meta":{"footnotes":""},"class_list":["post-112473","page","type-page","status-publish","hentry"],"aioseo_notices":[],"_links":{"self":[{"href":"https:\/\/starlightgsk.com\/pl-zg\/wp-json\/wp\/v2\/pages\/112473","targetHints":{"allow":["GET"]}}],"collection":[{"href":"https:\/\/starlightgsk.com\/pl-zg\/wp-json\/wp\/v2\/pages"}],"about":[{"href":"https:\/\/starlightgsk.com\/pl-zg\/wp-json\/wp\/v2\/types\/page"}],"author":[{"embeddable":true,"href":"https:\/\/starlightgsk.com\/pl-zg\/wp-json\/wp\/v2\/users\/5"}],"replies":[{"embeddable":true,"href":"https:\/\/starlightgsk.com\/pl-zg\/wp-json\/wp\/v2\/comments?post=112473"}],"version-history":[{"count":0,"href":"https:\/\/starlightgsk.com\/pl-zg\/wp-json\/wp\/v2\/pages\/112473\/revisions"}],"wp:attachment":[{"href":"https:\/\/starlightgsk.com\/pl-zg\/wp-json\/wp\/v2\/media?parent=112473"}],"curies":[{"name":"wp","href":"https:\/\/api.w.org\/{rel}","templated":true}]}}