{"id":112680,"date":"2023-04-04T10:26:16","date_gmt":"2023-04-04T10:26:16","guid":{"rendered":"https:\/\/gskstarlighdev.wpenginepowered.com\/centrum-zasobow-uczestnika\/"},"modified":"2026-02-26T16:59:54","modified_gmt":"2026-02-26T16:59:54","slug":"centrum-zasobow-uczestnika","status":"publish","type":"page","link":"https:\/\/starlightgsk.com\/pl-zp\/centrum-zasobow-uczestnika\/","title":{"rendered":"Centrum zasob\u00f3w uczestnika"},"content":{"rendered":"<div class=\"wpb-content-wrapper\"><p>[vc_row row_height_percent=&#8221;90&#8243; override_padding=&#8221;yes&#8221; h_padding=&#8221;2&#8243; top_padding=&#8221;5&#8243; bottom_padding=&#8221;5&#8243; back_image=&#8221;111180&#8243; back_position=&#8221;center top&#8221; overlay_alpha=&#8221;50&#8243; gutter_size=&#8221;4&#8243; column_width_percent=&#8221;100&#8243; shift_y=&#8221;0&#8243; z_index=&#8221;0&#8243; top_divider=&#8221;gradient&#8221; bottom_divider=&#8221;step_3_4&#8243; uncode_shortcode_id=&#8221;106947&#8243;][vc_column column_width_percent=&#8221;100&#8243; position_vertical=&#8221;middle&#8221; gutter_size=&#8221;6&#8243; style=&#8221;dark&#8221; overlay_alpha=&#8221;50&#8243; shift_x=&#8221;0&#8243; shift_y=&#8221;0&#8243; shift_y_down=&#8221;0&#8243; z_index=&#8221;0&#8243; medium_width=&#8221;0&#8243; mobile_width=&#8221;0&#8243; width=&#8221;1\/1&#8243; uncode_shortcode_id=&#8221;744311&#8243;][vc_row_inner row_inner_height_percent=&#8221;0&#8243; overlay_alpha=&#8221;50&#8243; gutter_size=&#8221;4&#8243; shift_y=&#8221;0&#8243; z_index=&#8221;0&#8243; inverted_device_order=&#8221;yes&#8221; limit_content=&#8221;&#8221;][vc_column_inner column_width_percent=&#8221;100&#8243; position_vertical=&#8221;middle&#8221; gutter_size=&#8221;2&#8243; style=&#8221;dark&#8221; overlay_alpha=&#8221;50&#8243; shift_x=&#8221;0&#8243; shift_y=&#8221;0&#8243; shift_y_down=&#8221;0&#8243; z_index=&#8221;0&#8243; medium_width=&#8221;4&#8243; align_mobile=&#8221;align_center_mobile&#8221; mobile_width=&#8221;0&#8243; width=&#8221;7\/12&#8243; uncode_shortcode_id=&#8221;128842&#8243;][vc_custom_heading heading_semantic=&#8221;h1&#8243; text_size=&#8221;fontsize-338686&#8243; text_space=&#8221;fontspace-781688&#8243; uncode_shortcode_id=&#8221;145002&#8243;]<strong>Centrum zasob\u00f3w uczestnika<\/strong>[\/vc_custom_heading][vc_custom_heading heading_semantic=&#8221;h3&#8243; text_size=&#8221;h3&#8243; text_weight=&#8221;400&#8243; text_height=&#8221;fontheight-357766&#8243; uncode_shortcode_id=&#8221;434575&#8243;]<span style=\"font-weight: 400;\">Kliknij poni\u017csze materia\u0142y, aby uzyska\u0107 wi\u0119cej informacji na temat badania STARLIGHT.<\/span>[\/vc_custom_heading][vc_empty_space empty_h=&#8221;1&#8243;][\/vc_column_inner][vc_column_inner column_width_percent=&#8221;100&#8243; position_vertical=&#8221;middle&#8221; gutter_size=&#8221;3&#8243; style=&#8221;dark&#8221; back_image=&#8221;99798&#8243; back_position=&#8221;right top&#8221; overlay_alpha=&#8221;50&#8243; shift_x=&#8221;0&#8243; shift_y=&#8221;0&#8243; shift_y_down=&#8221;0&#8243; z_index=&#8221;0&#8243; medium_width=&#8221;4&#8243; mobile_width=&#8221;0&#8243; width=&#8221;5\/12&#8243; uncode_shortcode_id=&#8221;195800&#8243; back_size=&#8221;80%&#8221;][vc_single_image media=&#8221;111824&#8243; media_width_percent=&#8221;100&#8243; alignment=&#8221;center&#8221; shape=&#8221;img-round&#8221; shadow=&#8221;yes&#8221; shadow_weight=&#8221;sm&#8221; uncode_shortcode_id=&#8221;152437&#8243;][\/vc_column_inner][\/vc_row_inner][\/vc_column][\/vc_row][vc_row row_height_percent=&#8221;0&#8243; override_padding=&#8221;yes&#8221; h_padding=&#8221;2&#8243; top_padding=&#8221;4&#8243; bottom_padding=&#8221;4&#8243; overlay_alpha=&#8221;50&#8243; gutter_size=&#8221;3&#8243; column_width_percent=&#8221;100&#8243; shift_y=&#8221;0&#8243; z_index=&#8221;0&#8243; uncode_shortcode_id=&#8221;186378&#8243;][vc_column column_width_percent=&#8221;100&#8243; position_vertical=&#8221;middle&#8221; gutter_size=&#8221;3&#8243; overlay_alpha=&#8221;50&#8243; shift_x=&#8221;0&#8243; shift_y=&#8221;0&#8243; shift_y_down=&#8221;0&#8243; z_index=&#8221;0&#8243; medium_width=&#8221;0&#8243; mobile_width=&#8221;0&#8243; width=&#8221;1\/1&#8243; uncode_shortcode_id=&#8221;206860&#8243;][vc_row_inner limit_content=&#8221;&#8221;][vc_column_inner width=&#8221;1\/2&#8243;][vc_custom_heading heading_semantic=&#8221;h3&#8243; text_size=&#8221;h3&#8243; uncode_shortcode_id=&#8221;147167&#8243;]Przewodnik powitalny po badaniu[\/vc_custom_heading][\/vc_column_inner][vc_column_inner width=&#8221;1\/4&#8243;][\/vc_column_inner][vc_column_inner width=&#8221;1\/4&#8243;][vc_button border_width=&#8221;0&#8243; uncode_shortcode_id=&#8221;193806&#8243; link=&#8221;url:%2Fwp-content%2Fuploads%2F2025%2F10%2FGSK-STARLIGHT-Multifold-09-JUN-2025-Polish-Poland-V2.0-D1.pdf|target:_blank|&#8221;]Pobierz[\/vc_button][\/vc_column_inner][\/vc_row_inner][vc_separator sep_color=&#8221;&#8221; uncode_shortcode_id=&#8221;106061&#8243; el_width=&#8221;80%&#8221;][vc_row_inner limit_content=&#8221;&#8221;][vc_column_inner width=&#8221;1\/2&#8243;][vc_custom_heading heading_semantic=&#8221;h3&#8243; text_size=&#8221;h3&#8243; uncode_shortcode_id=&#8221;169839&#8243;]Co warto wiedzie\u0107 o ALD oraz o badaniu STARLIGHT \u2013 wideo[\/vc_custom_heading][\/vc_column_inner][vc_column_inner width=&#8221;1\/4&#8243;][\/vc_column_inner][vc_column_inner width=&#8221;1\/4&#8243;][vc_button border_width=&#8221;0&#8243; uncode_shortcode_id=&#8221;166872&#8243; link=&#8221;url:https%3A%2F%2Fstarlightgsk.com%2Fpl-zp%2Fco-warto-wiedziec-o-ald-oraz-o-badaniu-starlight-wideo%2F|title:Co%20warto%20wiedzie%C4%87%20o%20ALD%20oraz%20o%20badaniu%20STARLIGHT%20%E2%80%93%20wideo|target:_blank|&#8221;]Obejrzyj wideo[\/vc_button][\/vc_column_inner][\/vc_row_inner][vc_separator sep_color=&#8221;&#8221; uncode_shortcode_id=&#8221;106061&#8243; el_width=&#8221;80%&#8221;][vc_row_inner limit_content=&#8221;&#8221;][vc_column_inner width=&#8221;1\/2&#8243;][vc_custom_heading heading_semantic=&#8221;h3&#8243; text_size=&#8221;h3&#8243; uncode_shortcode_id=&#8221;197323&#8243;]Co warto wiedzie\u0107 o genotypowaniu oraz o biopsji w\u0105troby \u2013 wideo[\/vc_custom_heading][\/vc_column_inner][vc_column_inner width=&#8221;1\/4&#8243;][\/vc_column_inner][vc_column_inner width=&#8221;1\/4&#8243;][vc_button border_width=&#8221;0&#8243; uncode_shortcode_id=&#8221;356982&#8243; link=&#8221;url:https%3A%2F%2Fstarlightgsk.com%2Fpl-zp%2Fco-warto-wiedziec-o-genotypowaniu-oraz-o-biopsji-watroby-wideo%2F|title:Co%20warto%20wiedzie%C4%87%20o%20genotypowaniu%20oraz%20o%20biopsji%20w%C4%85troby%20%E2%80%93%20wideo|target:_blank|&#8221;]Obejrzyj wideo[\/vc_button][\/vc_column_inner][\/vc_row_inner][\/vc_column][\/vc_row]<\/p>\n<\/div>","protected":false},"excerpt":{"rendered":"<p>[vc_row row_height_percent=&#8221;90&#8243; override_padding=&#8221;yes&#8221; h_padding=&#8221;2&#8243; top_padding=&#8221;5&#8243; bottom_padding=&#8221;5&#8243; back_image=&#8221;111180&#8243; back_position=&#8221;center top&#8221; overlay_alpha=&#8221;50&#8243; gutter_size=&#8221;4&#8243; column_width_percent=&#8221;100&#8243; shift_y=&#8221;0&#8243; z_index=&#8221;0&#8243; top_divider=&#8221;gradient&#8221; bottom_divider=&#8221;step_3_4&#8243; uncode_shortcode_id=&#8221;106947&#8243;][vc_column column_width_percent=&#8221;100&#8243; position_vertical=&#8221;middle&#8221; gutter_size=&#8221;6&#8243; [&hellip;]<\/p>\n","protected":false},"author":5,"featured_media":0,"parent":0,"menu_order":0,"comment_status":"closed","ping_status":"closed","template":"","meta":{"footnotes":""},"class_list":["post-112680","page","type-page","status-publish","hentry"],"aioseo_notices":[],"_links":{"self":[{"href":"https:\/\/starlightgsk.com\/pl-zp\/wp-json\/wp\/v2\/pages\/112680","targetHints":{"allow":["GET"]}}],"collection":[{"href":"https:\/\/starlightgsk.com\/pl-zp\/wp-json\/wp\/v2\/pages"}],"about":[{"href":"https:\/\/starlightgsk.com\/pl-zp\/wp-json\/wp\/v2\/types\/page"}],"author":[{"embeddable":true,"href":"https:\/\/starlightgsk.com\/pl-zp\/wp-json\/wp\/v2\/users\/5"}],"replies":[{"embeddable":true,"href":"https:\/\/starlightgsk.com\/pl-zp\/wp-json\/wp\/v2\/comments?post=112680"}],"version-history":[{"count":0,"href":"https:\/\/starlightgsk.com\/pl-zp\/wp-json\/wp\/v2\/pages\/112680\/revisions"}],"wp:attachment":[{"href":"https:\/\/starlightgsk.com\/pl-zp\/wp-json\/wp\/v2\/media?parent=112680"}],"curies":[{"name":"wp","href":"https:\/\/api.w.org\/{rel}","templated":true}]}}