{"id":112485,"date":"2022-04-12T21:47:23","date_gmt":"2022-04-12T21:47:23","guid":{"rendered":"https:\/\/gskstarlighdev.wpenginepowered.com\/vanliga-fragor\/"},"modified":"2026-02-26T17:00:10","modified_gmt":"2026-02-26T17:00:10","slug":"vanliga-fragor","status":"publish","type":"page","link":"https:\/\/starlightgsk.com\/sv-zz\/vanliga-fragor\/","title":{"rendered":"Vanliga fr\u00e5gor"},"content":{"rendered":"<div class=\"wpb-content-wrapper\"><p>[vc_row row_height_percent=&#8221;90&#8243; override_padding=&#8221;yes&#8221; h_padding=&#8221;2&#8243; top_padding=&#8221;5&#8243; bottom_padding=&#8221;5&#8243; back_image=&#8221;111180&#8243; back_position=&#8221;center top&#8221; overlay_alpha=&#8221;50&#8243; gutter_size=&#8221;4&#8243; column_width_percent=&#8221;100&#8243; shift_y=&#8221;0&#8243; z_index=&#8221;0&#8243; top_divider=&#8221;gradient&#8221; bottom_divider=&#8221;step_3_4&#8243; uncode_shortcode_id=&#8221;411491&#8243;][vc_column column_width_percent=&#8221;100&#8243; position_vertical=&#8221;middle&#8221; gutter_size=&#8221;6&#8243; style=&#8221;dark&#8221; overlay_alpha=&#8221;50&#8243; shift_x=&#8221;0&#8243; shift_y=&#8221;0&#8243; shift_y_down=&#8221;0&#8243; z_index=&#8221;0&#8243; medium_width=&#8221;0&#8243; mobile_width=&#8221;0&#8243; width=&#8221;1\/1&#8243; uncode_shortcode_id=&#8221;744311&#8243;][vc_row_inner row_inner_height_percent=&#8221;0&#8243; overlay_alpha=&#8221;50&#8243; gutter_size=&#8221;4&#8243; shift_y=&#8221;0&#8243; z_index=&#8221;0&#8243; inverted_device_order=&#8221;yes&#8221; limit_content=&#8221;&#8221;][vc_column_inner column_width_percent=&#8221;100&#8243; position_vertical=&#8221;middle&#8221; gutter_size=&#8221;2&#8243; style=&#8221;dark&#8221; overlay_alpha=&#8221;50&#8243; shift_x=&#8221;0&#8243; shift_y=&#8221;0&#8243; shift_y_down=&#8221;0&#8243; z_index=&#8221;0&#8243; medium_width=&#8221;4&#8243; align_mobile=&#8221;align_center_mobile&#8221; mobile_width=&#8221;0&#8243; width=&#8221;7\/12&#8243; uncode_shortcode_id=&#8221;128842&#8243;][vc_custom_heading heading_semantic=&#8221;h1&#8243; text_size=&#8221;fontsize-338686&#8243; text_space=&#8221;fontspace-781688&#8243; uncode_shortcode_id=&#8221;173504&#8243;]Vanliga Fr\u00e5gor[\/vc_custom_heading][vc_custom_heading heading_semantic=&#8221;h3&#8243; text_size=&#8221;h3&#8243; text_weight=&#8221;400&#8243; text_height=&#8221;fontheight-357766&#8243; uncode_shortcode_id=&#8221;918718&#8243;]<span style=\"font-weight: 400;\">L\u00e4s mer om STARLIGHT-studien<\/span>[\/vc_custom_heading][vc_empty_space empty_h=&#8221;1&#8243;][vc_empty_space empty_h=&#8221;1&#8243;][\/vc_column_inner][vc_column_inner column_width_percent=&#8221;100&#8243; position_vertical=&#8221;middle&#8221; gutter_size=&#8221;3&#8243; style=&#8221;dark&#8221; back_image=&#8221;99798&#8243; back_position=&#8221;right top&#8221; overlay_alpha=&#8221;50&#8243; shift_x=&#8221;0&#8243; shift_y=&#8221;0&#8243; shift_y_down=&#8221;0&#8243; z_index=&#8221;0&#8243; medium_width=&#8221;4&#8243; mobile_width=&#8221;0&#8243; width=&#8221;5\/12&#8243; uncode_shortcode_id=&#8221;195800&#8243; back_size=&#8221;80%&#8221;][vc_single_image media=&#8221;111808&#8243; media_width_percent=&#8221;100&#8243; alignment=&#8221;center&#8221; shadow=&#8221;yes&#8221; shadow_weight=&#8221;sm&#8221; uncode_shortcode_id=&#8221;205966&#8243;][\/vc_column_inner][\/vc_row_inner][\/vc_column][\/vc_row][vc_row unlock_row=&#8221;&#8221; row_height_percent=&#8221;0&#8243; override_padding=&#8221;yes&#8221; h_padding=&#8221;2&#8243; top_padding=&#8221;4&#8243; bottom_padding=&#8221;3&#8243; overlay_alpha=&#8221;100&#8243; gutter_size=&#8221;100&#8243; column_width_percent=&#8221;100&#8243; shift_y=&#8221;0&#8243; z_index=&#8221;0&#8243; style=&#8221;inherited&#8221; uncode_shortcode_id=&#8221;113823&#8243; row_name=&#8221;questions&#8221;][vc_column column_width_use_pixel=&#8221;yes&#8221; gutter_size=&#8221;3&#8243; overlay_alpha=&#8221;50&#8243; shift_x=&#8221;0&#8243; shift_y=&#8221;0&#8243; shift_y_down=&#8221;0&#8243; z_index=&#8221;0&#8243; medium_width=&#8221;0&#8243; mobile_width=&#8221;0&#8243; zoom_width=&#8221;0&#8243; zoom_height=&#8221;0&#8243; width=&#8221;1\/1&#8243; uncode_shortcode_id=&#8221;206055&#8243; column_width_pixel=&#8221;1100&#8243;][vc_custom_heading text_space=&#8221;fontspace-781688&#8243; separator=&#8221;yes&#8221; separator_color=&#8221;yes&#8221; uncode_shortcode_id=&#8221;103373&#8243;]Allm\u00e4nna fr\u00e5gor om studien[\/vc_custom_heading][vc_custom_heading heading_semantic=&#8221;p&#8221; text_size=&#8221;h4&#8243; uncode_shortcode_id=&#8221;710894&#8243; subheading=&#8221;Du kommer att delta i studien i ungef\u00e4r 16,5 m\u00e5nader.&#8221;]<strong>Hur l\u00e4nge kommer jag att delta i studien?<\/strong>[\/vc_custom_heading][vc_custom_heading heading_semantic=&#8221;p&#8221; text_size=&#8221;h4&#8243; uncode_shortcode_id=&#8221;210840&#8243; subheading=&#8221;Under studien kommer du att ha upp till 22 studiebes\u00f6k.  Under studiebes\u00f6ken kommer du att genomg\u00e5 tester och procedurer.&#8221;]<strong>Hur ofta beh\u00f6ver jag bes\u00f6ka studieplatsen?<\/strong>[\/vc_custom_heading][vc_custom_heading heading_semantic=&#8221;p&#8221; text_size=&#8221;h4&#8243; uncode_shortcode_id=&#8221;111943&#8243; subheading=&#8221;Det \u00e4r viktigt att du kommer p\u00e5 alla planerade bes\u00f6k f\u00f6r att kontrollera din h\u00e4lsa och f\u00f6r att se hur studiebehandlingen p\u00e5verkar dig.&#8221;]<strong>M\u00e5ste jag delta i alla studiebes\u00f6k?<\/strong>[\/vc_custom_heading][vc_custom_heading heading_semantic=&#8221;p&#8221; text_size=&#8221;h4&#8243; uncode_shortcode_id=&#8221;202878&#8243; subheading=&#8221;Du kanske inte har n\u00e5gon direkt nytta av att delta i den kliniska studien.  Din h\u00e4lsa kommer dock att \u00f6vervakas regelbundet under hela studien av l\u00e4kare med expertis inom leversjukdomar.  All information som samlas in under studien kan hj\u00e4lpa l\u00e4karna att l\u00e4ra sig mer om hur de ska behandla andra med liknande alkoholrelaterade h\u00e4lsoproblem i framtiden.&#8221;]<strong>Vilka \u00e4r f\u00f6rdelarna med att delta i den kliniska studie?<\/strong>[\/vc_custom_heading][vc_custom_heading heading_semantic=&#8221;p&#8221; text_size=&#8221;h4&#8243; uncode_shortcode_id=&#8221;134616&#8243; subheading=&#8221;Du beh\u00f6ver inte betala f\u00f6r att delta i denna studie.  Du kommer att f\u00e5 studiel\u00e4kemedlet och alla tester och procedurer i studien utan kostnad.&#8221;]<strong>Kommer det kosta mig n\u00e5got att delta i studien?<\/strong>[\/vc_custom_heading][vc_custom_heading heading_semantic=&#8221;p&#8221; text_size=&#8221;h4&#8243; uncode_shortcode_id=&#8221;953827&#8243; subheading=&#8221;Den globala biol\u00e4kemedelsf\u00f6retaget GlaxoSmithKline sponsrar studien.  De betalar personalen p\u00e5 studiekliniken f\u00f6r att genomf\u00f6ra denna studie.&#8221;]<strong>Vem sponsrar studien?<\/strong>[\/vc_custom_heading][vc_custom_heading heading_semantic=&#8221;p&#8221; text_size=&#8221;h4&#8243; uncode_shortcode_id=&#8221;874584&#8243; subheading=&#8221;Det \u00e4r frivilligt att delta i studien.  Om du best\u00e4mmer dig f\u00f6r att delta och sedan \u00e4ndrar dig kan du n\u00e4r som helst l\u00e4mna studien. Att l\u00e4mna studien kommer inte att p\u00e5verka din vanliga medicinska v\u00e5rd.&#8221;]<strong>Vad h\u00e4nder om jag best\u00e4mmer mig f\u00f6r att delta i studien och sedan \u00e5ngrar mig?<\/strong>[\/vc_custom_heading][\/vc_column][\/vc_row][vc_row row_height_percent=&#8221;0&#8243; overlay_alpha=&#8221;100&#8243; gutter_size=&#8221;100&#8243; column_width_percent=&#8221;100&#8243; shift_y=&#8221;0&#8243; z_index=&#8221;0&#8243; style=&#8221;inherited&#8221; uncode_shortcode_id=&#8221;347789&#8243; row_name=&#8221;questions&#8221;][vc_column column_width_use_pixel=&#8221;yes&#8221; gutter_size=&#8221;3&#8243; overlay_alpha=&#8221;50&#8243; shift_x=&#8221;0&#8243; shift_y=&#8221;0&#8243; shift_y_down=&#8221;0&#8243; z_index=&#8221;0&#8243; medium_width=&#8221;0&#8243; mobile_width=&#8221;0&#8243; zoom_width=&#8221;0&#8243; zoom_height=&#8221;0&#8243; width=&#8221;1\/1&#8243; uncode_shortcode_id=&#8221;146690&#8243; column_width_pixel=&#8221;1100&#8243;][vc_custom_heading text_space=&#8221;fontspace-781688&#8243; separator=&#8221;yes&#8221; separator_color=&#8221;yes&#8221; uncode_shortcode_id=&#8221;194246&#8243;]Studiebehandlingsfr\u00e5gor[\/vc_custom_heading][vc_custom_heading heading_semantic=&#8221;p&#8221; text_size=&#8221;h4&#8243; uncode_shortcode_id=&#8221;884036&#8243; subheading=&#8221;Om du kvalificerar dig f\u00f6r studien kommer du slumpm\u00e4ssigt att tilldelas antingen studiel\u00e4kemedlet eller placebo.  Placebo ser ut precis som studiel\u00e4kemedlet men inneh\u00e5ller inte aktiv medicin.&#8221;]<strong>Vilken studiebehandling kommer jag att f\u00e5?<\/strong>[\/vc_custom_heading][vc_custom_heading heading_semantic=&#8221;p&#8221; text_size=&#8221;h4&#8243; uncode_shortcode_id=&#8221;196651&#8243; subheading=&#8221;En dator anv\u00e4nds f\u00f6r att slumpm\u00e4ssigt f\u00f6rdela deltagarna till behandlingsgrupperna i studien.  Detta kallas randomisering.&#8221;]<strong>Hur tilldelas behandlingsgrupperna i studien?<\/strong>[\/vc_custom_heading][vc_custom_heading heading_semantic=&#8221;p&#8221; text_size=&#8221;h4&#8243; uncode_shortcode_id=&#8221;109289&#8243; subheading=&#8221;Du och studieteamet kommer inte att veta vilken behandling du f\u00e5r i studien. Detta bidrar till att h\u00e5lla studien r\u00e4ttvis och opartisk.&#8221;]<strong>Kommer jag att f\u00e5 veta vilken studiebehandling jag f\u00e5r?<\/strong>[\/vc_custom_heading][vc_custom_heading heading_semantic=&#8221;p&#8221; text_size=&#8221;h4&#8243; uncode_shortcode_id=&#8221;563127&#8243; subheading=&#8221;Studiel\u00e4kemedlet verkar genom att s\u00e4nka m\u00e4ngden av ett protein som bildas i levern och som tros vara inblandat i utvecklingen och f\u00f6rs\u00e4mringen av ALD.  Genom att s\u00e4nka m\u00e4ngden av detta protein kan studiel\u00e4kemedlet eventuellt minska alkoholens giftiga effekter p\u00e5 levern.&#8221;]<strong>Hur fungerar studiel\u00e4kemedlet?<\/strong>[\/vc_custom_heading][vc_custom_heading heading_semantic=&#8221;p&#8221; text_size=&#8221;h4&#8243; uncode_shortcode_id=&#8221;184126&#8243; subheading=&#8221;Liksom med alla l\u00e4kemedel kan biverkningar f\u00f6rekomma, vilket inneb\u00e4r o\u00f6nskade eller oavsiktliga effekter av ett l\u00e4kemedel.  Prata med studiel\u00e4karen f\u00f6r mer information om eventuella biverkningar.  Din h\u00e4lsa kommer att \u00f6vervakas noggrant under hela studien.  Ber\u00e4tta f\u00f6r studiel\u00e4karen om du m\u00e4rker n\u00e5gra biverkningar eller f\u00f6r\u00e4ndringar i din h\u00e4lsa.&#8221;]<strong>Finns det n\u00e5gra biverkningar av studiel\u00e4kemedlet?<\/strong>[\/vc_custom_heading][vc_custom_heading heading_semantic=&#8221;p&#8221; text_size=&#8221;h4&#8243; uncode_shortcode_id=&#8221;115526&#8243; subheading=&#8221;Att sluta dricka alkohol rekommenderas f\u00f6r personer som lever med leversjukdom.  Detta kanske dock inte alltid \u00e4r m\u00f6jligt.  Du kommer att kunna delta i studien \u00e4ven om du inte har slutat dricka.&#8221;]<strong>Kommer jag fortfarande att f\u00e5 studiebehandlingen om jag dricker alkohol under studien?<\/strong>[\/vc_custom_heading][\/vc_column][\/vc_row]<\/p>\n<\/div>","protected":false},"excerpt":{"rendered":"<p>[vc_row row_height_percent=&#8221;90&#8243; override_padding=&#8221;yes&#8221; h_padding=&#8221;2&#8243; top_padding=&#8221;5&#8243; bottom_padding=&#8221;5&#8243; back_image=&#8221;111180&#8243; back_position=&#8221;center top&#8221; overlay_alpha=&#8221;50&#8243; gutter_size=&#8221;4&#8243; column_width_percent=&#8221;100&#8243; shift_y=&#8221;0&#8243; z_index=&#8221;0&#8243; top_divider=&#8221;gradient&#8221; bottom_divider=&#8221;step_3_4&#8243; uncode_shortcode_id=&#8221;411491&#8243;][vc_column column_width_percent=&#8221;100&#8243; position_vertical=&#8221;middle&#8221; gutter_size=&#8221;6&#8243; [&hellip;]<\/p>\n","protected":false},"author":5,"featured_media":0,"parent":0,"menu_order":0,"comment_status":"closed","ping_status":"closed","template":"","meta":{"footnotes":""},"class_list":["post-112485","page","type-page","status-publish","hentry"],"aioseo_notices":[],"_links":{"self":[{"href":"https:\/\/starlightgsk.com\/sv-zz\/wp-json\/wp\/v2\/pages\/112485","targetHints":{"allow":["GET"]}}],"collection":[{"href":"https:\/\/starlightgsk.com\/sv-zz\/wp-json\/wp\/v2\/pages"}],"about":[{"href":"https:\/\/starlightgsk.com\/sv-zz\/wp-json\/wp\/v2\/types\/page"}],"author":[{"embeddable":true,"href":"https:\/\/starlightgsk.com\/sv-zz\/wp-json\/wp\/v2\/users\/5"}],"replies":[{"embeddable":true,"href":"https:\/\/starlightgsk.com\/sv-zz\/wp-json\/wp\/v2\/comments?post=112485"}],"version-history":[{"count":0,"href":"https:\/\/starlightgsk.com\/sv-zz\/wp-json\/wp\/v2\/pages\/112485\/revisions"}],"wp:attachment":[{"href":"https:\/\/starlightgsk.com\/sv-zz\/wp-json\/wp\/v2\/media?parent=112485"}],"curies":[{"name":"wp","href":"https:\/\/api.w.org\/{rel}","templated":true}]}}