{"id":112498,"date":"2022-04-12T21:47:23","date_gmt":"2022-04-12T21:47:23","guid":{"rendered":"https:\/\/gskstarlighdev.wpenginepowered.com\/cac-cau-hoi-thuong-gap-faq\/"},"modified":"2026-03-04T16:21:34","modified_gmt":"2026-03-04T16:21:34","slug":"cac-cau-hoi-thuong-gap-faq","status":"publish","type":"page","link":"https:\/\/starlightgsk.com\/vi-zc\/cac-cau-hoi-thuong-gap-faq\/","title":{"rendered":"Ca\u0301c C\u00e2u Ho\u0309i Th\u01b0\u01a1\u0300ng G\u0103\u0323p (FAQ)"},"content":{"rendered":"<div class=\"wpb-content-wrapper\"><p>[vc_row row_height_percent=&#8221;90&#8243; override_padding=&#8221;yes&#8221; h_padding=&#8221;2&#8243; top_padding=&#8221;5&#8243; bottom_padding=&#8221;5&#8243; back_image=&#8221;111180&#8243; back_position=&#8221;center top&#8221; overlay_alpha=&#8221;50&#8243; gutter_size=&#8221;4&#8243; column_width_percent=&#8221;100&#8243; shift_y=&#8221;0&#8243; z_index=&#8221;0&#8243; top_divider=&#8221;gradient&#8221; bottom_divider=&#8221;step_3_4&#8243; uncode_shortcode_id=&#8221;411491&#8243;][vc_column column_width_percent=&#8221;100&#8243; position_vertical=&#8221;middle&#8221; gutter_size=&#8221;6&#8243; style=&#8221;dark&#8221; overlay_alpha=&#8221;50&#8243; shift_x=&#8221;0&#8243; shift_y=&#8221;0&#8243; shift_y_down=&#8221;0&#8243; z_index=&#8221;0&#8243; medium_width=&#8221;0&#8243; mobile_width=&#8221;0&#8243; width=&#8221;1\/1&#8243; uncode_shortcode_id=&#8221;744311&#8243;][vc_row_inner row_inner_height_percent=&#8221;0&#8243; overlay_alpha=&#8221;50&#8243; gutter_size=&#8221;4&#8243; shift_y=&#8221;0&#8243; z_index=&#8221;0&#8243; inverted_device_order=&#8221;yes&#8221; limit_content=&#8221;&#8221;][vc_column_inner column_width_percent=&#8221;100&#8243; position_vertical=&#8221;middle&#8221; gutter_size=&#8221;2&#8243; style=&#8221;dark&#8221; overlay_alpha=&#8221;50&#8243; shift_x=&#8221;0&#8243; shift_y=&#8221;0&#8243; shift_y_down=&#8221;0&#8243; z_index=&#8221;0&#8243; medium_width=&#8221;4&#8243; align_mobile=&#8221;align_center_mobile&#8221; mobile_width=&#8221;0&#8243; width=&#8221;7\/12&#8243; uncode_shortcode_id=&#8221;128842&#8243;][vc_custom_heading heading_semantic=&#8221;h1&#8243; text_size=&#8221;fontsize-338686&#8243; text_space=&#8221;fontspace-781688&#8243; uncode_shortcode_id=&#8221;173504&#8243;]Ca\u0301c C\u00e2u Ho\u0309i Th\u01b0\u01a1\u0300ng G\u0103\u0323p[\/vc_custom_heading][vc_custom_heading heading_semantic=&#8221;h3&#8243; text_size=&#8221;h3&#8243; text_weight=&#8221;400&#8243; text_height=&#8221;fontheight-357766&#8243; uncode_shortcode_id=&#8221;918718&#8243;]<span style=\"font-weight: 400;\">T\u00ecm hi\u1ec3u th\u00eam v\u1ec1 Nghi\u00ean C\u1ee9u STARLIGHT<\/span>[\/vc_custom_heading][vc_empty_space empty_h=&#8221;1&#8243;][vc_empty_space empty_h=&#8221;1&#8243;][\/vc_column_inner][vc_column_inner column_width_percent=&#8221;100&#8243; position_vertical=&#8221;middle&#8221; gutter_size=&#8221;3&#8243; style=&#8221;dark&#8221; back_image=&#8221;99798&#8243; back_position=&#8221;right top&#8221; overlay_alpha=&#8221;50&#8243; shift_x=&#8221;0&#8243; shift_y=&#8221;0&#8243; shift_y_down=&#8221;0&#8243; z_index=&#8221;0&#8243; medium_width=&#8221;4&#8243; mobile_width=&#8221;0&#8243; width=&#8221;5\/12&#8243; uncode_shortcode_id=&#8221;195800&#8243; back_size=&#8221;80%&#8221;][vc_single_image media=&#8221;111808&#8243; media_width_percent=&#8221;100&#8243; alignment=&#8221;center&#8221; shadow=&#8221;yes&#8221; shadow_weight=&#8221;sm&#8221; uncode_shortcode_id=&#8221;205966&#8243;][\/vc_column_inner][\/vc_row_inner][\/vc_column][\/vc_row][vc_row unlock_row=&#8221;&#8221; row_height_percent=&#8221;0&#8243; override_padding=&#8221;yes&#8221; h_padding=&#8221;2&#8243; top_padding=&#8221;4&#8243; bottom_padding=&#8221;3&#8243; overlay_alpha=&#8221;100&#8243; gutter_size=&#8221;100&#8243; column_width_percent=&#8221;100&#8243; shift_y=&#8221;0&#8243; z_index=&#8221;0&#8243; style=&#8221;inherited&#8221; uncode_shortcode_id=&#8221;113823&#8243; row_name=&#8221;questions&#8221;][vc_column column_width_use_pixel=&#8221;yes&#8221; gutter_size=&#8221;3&#8243; overlay_alpha=&#8221;50&#8243; shift_x=&#8221;0&#8243; shift_y=&#8221;0&#8243; shift_y_down=&#8221;0&#8243; z_index=&#8221;0&#8243; medium_width=&#8221;0&#8243; mobile_width=&#8221;0&#8243; zoom_width=&#8221;0&#8243; zoom_height=&#8221;0&#8243; width=&#8221;1\/1&#8243; uncode_shortcode_id=&#8221;206055&#8243; column_width_pixel=&#8221;1100&#8243;][vc_custom_heading text_space=&#8221;fontspace-781688&#8243; separator=&#8221;yes&#8221; separator_color=&#8221;yes&#8221; uncode_shortcode_id=&#8221;103373&#8243;]C\u00e1c c\u00e2u h\u1ecfi chung v\u1ec1 nghi\u00ean c\u1ee9u[\/vc_custom_heading][vc_custom_heading heading_semantic=&#8221;p&#8221; text_size=&#8221;h4&#8243; uncode_shortcode_id=&#8221;710894&#8243; subheading=&#8221;Qu\u00fd v\u1ecb s\u1ebd tham gia nghi\u00ean c\u1ee9u trong t\u1ed1i \u0111a kho\u1ea3ng 16,5 th\u00e1ng.&#8221;]<strong>T\u00f4i s\u1ebd tham gia nghi\u00ean c\u1ee9u n\u00e0y trong bao l\u00e2u?<\/strong>[\/vc_custom_heading][vc_custom_heading heading_semantic=&#8221;p&#8221; text_size=&#8221;h4&#8243; uncode_shortcode_id=&#8221;210840&#8243; subheading=&#8221;Trong su\u1ed1t nghi\u00ean c\u1ee9u, qu\u00fd v\u1ecb s\u1ebd c\u00f3 t\u1ed1i \u0111a 22 l\u1ea7n th\u0103m kh\u00e1m nghi\u00ean c\u1ee9u.  Trong c\u00e1c l\u1ea7n th\u0103m kh\u00e1m nghi\u00ean c\u1ee9u, qu\u00fd v\u1ecb s\u1ebd th\u1ef1c hi\u1ec7n c\u00e1c ki\u1ec3m tra, x\u00e9t nghi\u1ec7m v\u00e0 th\u1ee7 thu\u1eadt.&#8221;]<strong>T\u00f4i s\u1ebd ph\u1ea3i \u0111\u1ebfn c\u01a1 s\u1edf nghi\u00ean c\u1ee9u bao nhi\u00eau l\u1ea7n?<\/strong>[\/vc_custom_heading][vc_custom_heading heading_semantic=&#8221;p&#8221; text_size=&#8221;h4&#8243; uncode_shortcode_id=&#8221;111943&#8243; subheading=&#8221;Qu\u00fd v\u1ecb ph\u1ea3i tham gia t\u1ea5t c\u1ea3 c\u00e1c l\u1ea7n th\u0103m kh\u00e1m theo l\u1ecbch \u0111\u1ec3 ki\u1ec3m tra s\u1ee9c kh\u1ecfe v\u00e0 xem thu\u1ed1c \u0111i\u1ec1u tr\u1ecb nghi\u00ean c\u1ee9u c\u00f3 th\u1ec3 \u1ea3nh h\u01b0\u1edfng \u0111\u1ebfn qu\u00fd v\u1ecb nh\u01b0 th\u1ebf n\u00e0o.&#8221;]<strong>T\u00f4i c\u00f3 ph\u1ea3i tham d\u1ef1 t\u1ea5t c\u1ea3 c\u00e1c l\u1ea7n th\u0103m kh\u00e1m nghi\u00ean c\u1ee9u kh\u00f4ng?<\/strong>[\/vc_custom_heading][vc_custom_heading heading_semantic=&#8221;p&#8221; text_size=&#8221;h4&#8243; uncode_shortcode_id=&#8221;202878&#8243; subheading=&#8221;Qu\u00fd v\u1ecb c\u00f3 th\u1ec3 h\u01b0\u1edfng l\u1ee3i tr\u1ef1c ti\u1ebfp t\u1eeb vi\u1ec7c tham gia v\u00e0o nghi\u00ean c\u1ee9u l\u00e2m s\u00e0ng n\u00e0y ho\u1eb7c kh\u00f4ng.  Tuy nhi\u00ean, c\u00e1c b\u00e1c s\u0129 c\u00f3 chuy\u00ean m\u00f4n v\u1ec1 b\u1ec7nh gan s\u1ebd theo d\u00f5i s\u1ee9c kh\u1ecfe c\u1ee7a qu\u00fd v\u1ecb th\u01b0\u1eddng xuy\u00ean trong su\u1ed1t nghi\u00ean c\u1ee9u.  M\u1ecdi th\u00f4ng tin thu th\u1eadp \u0111\u01b0\u1ee3c trong nghi\u00ean c\u1ee9u n\u00e0y c\u00f3 th\u1ec3 gi\u00fap b\u00e1c s\u0129 t\u00ecm hi\u1ec3u th\u00eam v\u1ec1 ph\u01b0\u01a1ng ph\u00e1p \u0111i\u1ec1u tr\u1ecb cho nh\u1eefng ng\u01b0\u1eddi g\u1eb7p ph\u1ea3i c\u00e1c v\u1ea5n \u0111\u1ec1 s\u1ee9c kh\u1ecfe c\u00f3 li\u00ean quan \u0111\u1ebfn r\u01b0\u1ee3u bia trong t\u01b0\u01a1ng lai.&#8221;]<strong>L\u1ee3i \u00edch khi tham gia v\u00e0o nghi\u00ean c\u1ee9u l\u00e2m s\u00e0ng n\u00e0y l\u00e0 g\u00ec?<\/strong>[\/vc_custom_heading][vc_custom_heading heading_semantic=&#8221;p&#8221; text_size=&#8221;h4&#8243; uncode_shortcode_id=&#8221;134616&#8243; subheading=&#8221;Qu\u00fd v\u1ecb kh\u00f4ng ph\u1ea3i tr\u1ea3 b\u1ea5t k\u1ef3 chi ph\u00ed n\u00e0o khi tham gia v\u00e0o nghi\u00ean c\u1ee9u n\u00e0y.  Qu\u00fd v\u1ecb s\u1ebd nh\u1eadn thu\u1ed1c nghi\u00ean c\u1ee9u, c\u0169ng nh\u01b0 t\u1ea5t c\u1ea3 c\u00e1c ki\u1ec3m tra, x\u00e9t nghi\u1ec7m v\u00e0 th\u1ee7 thu\u1eadt nghi\u00ean c\u1ee9u mi\u1ec5n ph\u00ed.&#8221;]<strong>T\u00f4i c\u00f3 ph\u1ea3i tr\u1ea3 b\u1ea5t k\u1ef3 chi ph\u00ed n\u00e0o khi tham gia v\u00e0o nghi\u00ean c\u1ee9u n\u00e0y kh\u00f4ng?<\/strong>[\/vc_custom_heading][vc_custom_heading heading_semantic=&#8221;p&#8221; text_size=&#8221;h4&#8243; uncode_shortcode_id=&#8221;953827&#8243; subheading=&#8221;C\u00f4ng ty d\u01b0\u1ee3c ph\u1ea9m sinh h\u1ecdc to\u00e0n c\u1ea7u GlaxoSmithKline \u0111ang t\u00e0i tr\u1ee3 cho nghi\u00ean c\u1ee9u n\u00e0y.  H\u1ecd chi tr\u1ea3 cho nh\u00e2n vi\u00ean t\u1ea1i c\u01a1 s\u1edf nghi\u00ean c\u1ee9u \u0111\u1ec3 th\u1ef1c hi\u1ec7n nghi\u00ean c\u1ee9u n\u00e0y.&#8221;]<strong>Ai t\u00e0i tr\u1ee3 cho nghi\u00ean c\u1ee9u n\u00e0y?<\/strong>[\/vc_custom_heading][vc_custom_heading heading_semantic=&#8221;p&#8221; text_size=&#8221;h4&#8243; uncode_shortcode_id=&#8221;874584&#8243; subheading=&#8221;Vi\u1ec7c tham gia v\u00e0o nghi\u00ean c\u1ee9u l\u00e0 ho\u00e0n to\u00e0n t\u1ef1 nguy\u1ec7n.  N\u1ebfu qu\u00fd v\u1ecb quy\u1ebft \u0111\u1ecbnh tham gia v\u00e0 sau \u0111\u00f3 \u0111\u1ed5i \u00fd, qu\u00fd v\u1ecb c\u00f3 th\u1ec3 r\u1eddi kh\u1ecfi nghi\u00ean c\u1ee9u b\u1ea5t k\u1ef3 l\u00fac n\u00e0o. Vi\u1ec7c r\u1eddi kh\u1ecfi nghi\u00ean c\u1ee9u s\u1ebd kh\u00f4ng \u1ea3nh h\u01b0\u1edfng \u0111\u1ebfn d\u1ecbch v\u1ee5 ch\u0103m s\u00f3c y t\u1ebf th\u00f4ng th\u01b0\u1eddng c\u1ee7a qu\u00fd v\u1ecb.&#8221;]<strong>\u0110i\u00ea\u0300u gi\u0300 se\u0303 xa\u0309y ra n\u00ea\u0301u t\u00f4i quy\u00ea\u0301t \u0111i\u0323nh tham gia nghi\u00ean c\u01b0\u0301u nh\u01b0ng sau \u0111o\u0301 \u0111\u00f4\u0309i y\u0301?<\/strong>[\/vc_custom_heading][\/vc_column][\/vc_row][vc_row row_height_percent=&#8221;0&#8243; overlay_alpha=&#8221;100&#8243; gutter_size=&#8221;100&#8243; column_width_percent=&#8221;100&#8243; shift_y=&#8221;0&#8243; z_index=&#8221;0&#8243; style=&#8221;inherited&#8221; uncode_shortcode_id=&#8221;347789&#8243; row_name=&#8221;questions&#8221;][vc_column column_width_use_pixel=&#8221;yes&#8221; gutter_size=&#8221;3&#8243; overlay_alpha=&#8221;50&#8243; shift_x=&#8221;0&#8243; shift_y=&#8221;0&#8243; shift_y_down=&#8221;0&#8243; z_index=&#8221;0&#8243; medium_width=&#8221;0&#8243; mobile_width=&#8221;0&#8243; zoom_width=&#8221;0&#8243; zoom_height=&#8221;0&#8243; width=&#8221;1\/1&#8243; uncode_shortcode_id=&#8221;146690&#8243; column_width_pixel=&#8221;1100&#8243;][vc_custom_heading text_space=&#8221;fontspace-781688&#8243; separator=&#8221;yes&#8221; separator_color=&#8221;yes&#8221; uncode_shortcode_id=&#8221;194246&#8243;]C\u00e1c C\u00e2u H\u1ecfi v\u1ec1 \u0110i\u1ec1u Tr\u1ecb Nghi\u00ean C\u1ee9u[\/vc_custom_heading][vc_custom_heading heading_semantic=&#8221;p&#8221; text_size=&#8221;h4&#8243; uncode_shortcode_id=&#8221;884036&#8243; subheading=&#8221;N\u1ebfu qu\u00fd v\u1ecb \u0111\u1ee7 ti\u00eau chu\u1ea9n tham gia nghi\u00ean c\u1ee9u, qu\u00fd v\u1ecb s\u1ebd \u0111\u01b0\u1ee3c ch\u1ec9 \u0111\u1ecbnh ng\u1eabu nhi\u00ean \u0111\u1ec3 nh\u1eadn thu\u1ed1c nghi\u00ean c\u1ee9u ho\u1eb7c gi\u1ea3 d\u01b0\u1ee3c.  Gi\u1ea3 d\u01b0\u1ee3c tr\u00f4ng gi\u1ed1ng nh\u01b0 thu\u1ed1c nghi\u00ean c\u1ee9u nh\u01b0ng kh\u00f4ng ch\u1ee9a thu\u1ed1c \u0111ang ho\u1ea1t \u0111\u1ed9ng.&#8221;]<strong>T\u00f4i s\u1ebd nh\u1eadn \u0111\u01b0\u1ee3c thu\u1ed1c \u0111i\u1ec1u tr\u1ecb nghi\u00ean c\u1ee9u n\u00e0o?<\/strong>[\/vc_custom_heading][vc_custom_heading heading_semantic=&#8221;p&#8221; text_size=&#8221;h4&#8243; uncode_shortcode_id=&#8221;196651&#8243; subheading=&#8221;Nghi\u00ean c\u1ee9u s\u1ebd s\u1eed d\u1ee5ng h\u1ec7 th\u1ed1ng m\u00e1y t\u00ednh \u0111\u1ec3 ch\u1ec9 \u0111\u1ecbnh ng\u1eabu nhi\u00ean ng\u01b0\u1eddi tham gia v\u00e0o c\u00e1c nh\u00f3m \u0111i\u1ec1u tr\u1ecb nghi\u00ean c\u1ee9u. \u0110i\u1ec1u n\u00e0y l\u00e0 ho\u00e0n to\u00e0n ng\u1eabu nhi\u00ean.&#8221;]<strong>C\u00e1c nh\u00f3m \u0111i\u1ec1u tr\u1ecb nghi\u00ean c\u1ee9u \u0111\u01b0\u1ee3c ch\u1ec9 \u0111\u1ecbnh nh\u01b0 th\u1ebf n\u00e0o?<\/strong>[\/vc_custom_heading][vc_custom_heading heading_semantic=&#8221;p&#8221; text_size=&#8221;h4&#8243; uncode_shortcode_id=&#8221;109289&#8243; subheading=&#8221;Qu\u00fd v\u1ecb v\u00e0 nh\u00f3m nghi\u00ean c\u1ee9u s\u1ebd kh\u00f4ng bi\u1ebft qu\u00fd v\u1ecb s\u1ebd nh\u1eadn thu\u1ed1c \u0111i\u1ec1u tr\u1ecb nghi\u00ean c\u1ee9u n\u00e0o. \u0110i\u1ec1u n\u00e0y gi\u00fap \u0111\u1ea3m b\u1ea3o t\u00ednh c\u00f4ng b\u1eb1ng v\u00e0 kh\u00e1ch quan c\u1ee7a nghi\u00ean c\u1ee9u.&#8221;]<strong>T\u00f4i c\u00f3 th\u1ec3 bi\u1ebft t\u00f4i s\u1ebd nh\u1eadn thu\u1ed1c \u0111i\u1ec1u tr\u1ecb nghi\u00ean c\u1ee9u n\u00e0o kh\u00f4ng?<\/strong>[\/vc_custom_heading][vc_custom_heading heading_semantic=&#8221;p&#8221; text_size=&#8221;h4&#8243; uncode_shortcode_id=&#8221;563127&#8243; subheading=&#8221;Thu\u1ed1c nghi\u00ean c\u1ee9u ho\u1ea1t \u0111\u1ed9ng b\u1eb1ng c\u00e1ch gi\u1ea3m l\u01b0\u1ee3ng protein \u0111\u01b0\u1ee3c t\u1ea1o ra trong gan \u0111\u01b0\u1ee3c cho l\u00e0 c\u00f3 li\u00ean quan \u0111\u1ebfn s\u1ef1 ph\u00e1t tri\u1ec3n v\u00e0 t\u00ecnh tr\u1ea1ng tr\u1ea7m tr\u1ecdng th\u00eam c\u1ee7a ALD.  B\u1eb1ng c\u00e1ch gi\u1ea3m l\u01b0\u1ee3ng protein n\u00e0y, thu\u1ed1c nghi\u00ean c\u1ee9u c\u00f3 th\u1ec3 gi\u1ea3m t\u00e1c \u0111\u1ed9ng c\u00f3 h\u1ea1i c\u1ee7a r\u01b0\u1ee3u bia v\u1edbi gan.&#8221;]<strong>C\u00e1ch thu\u1ed1c nghi\u00ean c\u1ee9u ho\u1ea1t \u0111\u1ed9ng?<\/strong>[\/vc_custom_heading][vc_custom_heading heading_semantic=&#8221;p&#8221; text_size=&#8221;h4&#8243; uncode_shortcode_id=&#8221;184126&#8243; subheading=&#8221;Nh\u01b0 v\u1edbi t\u1ea5t c\u1ea3 c\u00e1c lo\u1ea1i thu\u1ed1c, c\u00f3 kh\u1ea3 n\u0103ng x\u1ea3y ra t\u00e1c d\u1ee5ng ph\u1ee5, l\u00e0 nh\u1eefng t\u00e1c d\u1ee5ng kh\u00f4ng mong mu\u1ed1n ho\u1eb7c kh\u00f4ng d\u1ef1 ki\u1ebfn c\u1ee7a thu\u1ed1c.  H\u00e3y trao \u0111\u1ed5i v\u1edbi b\u00e1c s\u0129 nghi\u00ean c\u1ee9u \u0111\u1ec3 bi\u1ebft th\u00eam th\u00f4ng tin v\u1ec1 c\u00e1c t\u00e1c d\u1ee5ng ph\u1ee5 c\u00f3 th\u1ec3 x\u1ea3y ra.  S\u1ee9c kh\u1ecfe c\u1ee7a qu\u00fd v\u1ecb s\u1ebd \u0111\u01b0\u1ee3c theo d\u00f5i ch\u1eb7t ch\u1ebd trong su\u1ed1t qu\u00e1 tr\u00ecnh nghi\u00ean c\u1ee9u.  H\u00e3y th\u00f4ng b\u00e1o cho b\u00e1c s\u0129 nghi\u00ean c\u1ee9u n\u1ebfu qu\u00fd v\u1ecb nh\u1eadn th\u1ea5y b\u1ea5t k\u1ef3 t\u00e1c d\u1ee5ng ph\u1ee5 ho\u1eb7c thay \u0111\u1ed5i n\u00e0o v\u1ec1 s\u1ee9c kh\u1ecfe c\u1ee7a m\u00ecnh.&#8221;]<strong>Thu\u1ed1c nghi\u00ean c\u1ee9u c\u00f3 t\u00e1c d\u1ee5ng ph\u1ee5 n\u00e0o kh\u00f4ng?<\/strong>[\/vc_custom_heading][vc_custom_heading heading_semantic=&#8221;p&#8221; text_size=&#8221;h4&#8243; uncode_shortcode_id=&#8221;115526&#8243; subheading=&#8221;Nh\u1eefng ng\u01b0\u1eddi m\u1eafc b\u1ec7nh gan \u0111\u01b0\u1ee3c khuy\u1ebfn c\u00e1o n\u00ean ng\u1eebng u\u1ed1ng r\u01b0\u1ee3u bia.  Tuy nhi\u00ean, \u0111i\u1ec1u n\u00e0y kh\u00f4ng ph\u1ea3i l\u00fac n\u00e0o c\u0169ng kh\u1ea3 thi. Qu\u00fd v\u1ecb v\u1eabn c\u00f3 th\u1ec3 tham gia nghi\u00ean c\u1ee9u n\u00e0y ngay c\u1ea3 khi qu\u00fd v\u1ecb ch\u01b0a ng\u1eebng s\u1eed d\u1ee5ng r\u01b0\u1ee3u bia.&#8221;]<strong>T\u00f4i v\u1eabn s\u1ebd nh\u1eadn \u0111\u01b0\u1ee3c thu\u1ed1c \u0111i\u1ec1u tr\u1ecb nghi\u00ean c\u1ee9u n\u1ebfu t\u00f4i u\u1ed1ng r\u01b0\u1ee3u bia trong khi tham gia nghi\u00ean c\u1ee9u kh\u00f4ng?<\/strong>[\/vc_custom_heading][\/vc_column][\/vc_row]<\/p>\n<\/div>","protected":false},"excerpt":{"rendered":"<p>[vc_row row_height_percent=&#8221;90&#8243; override_padding=&#8221;yes&#8221; h_padding=&#8221;2&#8243; top_padding=&#8221;5&#8243; bottom_padding=&#8221;5&#8243; back_image=&#8221;111180&#8243; back_position=&#8221;center top&#8221; overlay_alpha=&#8221;50&#8243; gutter_size=&#8221;4&#8243; column_width_percent=&#8221;100&#8243; shift_y=&#8221;0&#8243; z_index=&#8221;0&#8243; top_divider=&#8221;gradient&#8221; bottom_divider=&#8221;step_3_4&#8243; uncode_shortcode_id=&#8221;411491&#8243;][vc_column column_width_percent=&#8221;100&#8243; position_vertical=&#8221;middle&#8221; gutter_size=&#8221;6&#8243; [&hellip;]<\/p>\n","protected":false},"author":5,"featured_media":0,"parent":0,"menu_order":0,"comment_status":"closed","ping_status":"closed","template":"","meta":{"footnotes":""},"class_list":["post-112498","page","type-page","status-publish","hentry"],"aioseo_notices":[],"_links":{"self":[{"href":"https:\/\/starlightgsk.com\/vi-zc\/wp-json\/wp\/v2\/pages\/112498","targetHints":{"allow":["GET"]}}],"collection":[{"href":"https:\/\/starlightgsk.com\/vi-zc\/wp-json\/wp\/v2\/pages"}],"about":[{"href":"https:\/\/starlightgsk.com\/vi-zc\/wp-json\/wp\/v2\/types\/page"}],"author":[{"embeddable":true,"href":"https:\/\/starlightgsk.com\/vi-zc\/wp-json\/wp\/v2\/users\/5"}],"replies":[{"embeddable":true,"href":"https:\/\/starlightgsk.com\/vi-zc\/wp-json\/wp\/v2\/comments?post=112498"}],"version-history":[{"count":0,"href":"https:\/\/starlightgsk.com\/vi-zc\/wp-json\/wp\/v2\/pages\/112498\/revisions"}],"wp:attachment":[{"href":"https:\/\/starlightgsk.com\/vi-zc\/wp-json\/wp\/v2\/media?parent=112498"}],"curies":[{"name":"wp","href":"https:\/\/api.w.org\/{rel}","templated":true}]}}